{"id":2849,"date":"2020-12-18T10:52:59","date_gmt":"2020-12-18T10:52:59","guid":{"rendered":"https:\/\/www.koprivnicatourism.com\/molve\/"},"modified":"2021-09-20T08:16:59","modified_gmt":"2021-09-20T08:16:59","slug":"molve","status":"publish","type":"page","link":"https:\/\/www.koprivnicatourism.com\/en\/region\/molve\/","title":{"rendered":"Molve"},"content":{"rendered":"<p>[vc_row][vc_column]<div id=\"cz_35065\" class=\"cz_35065 cz_title clr cz_title_ba_line cz_title_pos_inline\"><div class=\"cz_title_content\"><div class=\"cz_wpe_content\"><h1 class=\"sekcija-naslov\">Molve<\/h1>\n<\/div><div class=\"cz_title_line cz_line_after_title\"><span>_<\/span><\/div><\/div><\/div><div id=\"cz_56041\" class=\"cz_56041 cz_image clr cz_image_no_fx center_on_mobile\"><div class=\"\" ><div class=\"cz_image_in\"><div class=\"cz_main_image\"><img width=\"500\" height=\"375\" src=\"https:\/\/www.koprivnicatourism.com\/wp-content\/uploads\/2020\/12\/sv229.jpg\" class=\"attachment-full\" alt=\"\" title=\"sv229\" srcset=\"https:\/\/www.koprivnicatourism.com\/wp-content\/uploads\/2020\/12\/sv229.jpg 500w, https:\/\/www.koprivnicatourism.com\/wp-content\/uploads\/2020\/12\/sv229-300x225.jpg 300w\" sizes=\"(max-width: 500px) 100vw, 500px\" \/><\/div><\/div><\/div><\/div><div class=\"cz_gap clr  hide_on_tablet hide_on_mobile\" style=\"height: 35px\"><\/div><div class=\"cz_gap show_on_tablet clr  show_only_tablet\" style=\"height: 35px\"><\/div><div class=\"cz_gap show_on_mobile clr\" style=\"height: 35px\"><\/div>[\/vc_column][\/vc_row][vc_row full_width=&#8221;stretch_row&#8221; css=&#8221;.vc_custom_1608192430604{background-color: #ffffff !important;}&#8221;][vc_column]<div id=\"cz_28598\" class=\"cz_28598 cz_title clr cz_title_pos_inline\"><div class=\"cz_title_content\"><div class=\"cz_wpe_content\"><p>The name Molve comes from the mills on the Drava River and its tributaries. Although it can be unofficially heard that Molve existed in the 13th century, they are reliably mentioned in 1330.<\/p>\n<p>According to a document from 1366, Molve were the centre of a little feudal possession of the same name, which in 1397 King \u017digmund gave to the sons of Ivan of Kanizsa. In the 15th century, they became part of the Koprivnica-\u0110ur\u0111evac-Prodavi\u0107 estate.<\/p>\n<p>From the medieval chapel, a wooden Gothic statue of Mother of God was preserved, dating back to 1470. The miraculous power of the statue from Molve turned Molve into a Marian sanctuary and the centre of pilgrimage to believers. The village and the chapel were destroyed by the Ottomans, and the population ran from the village before them. During the demographic reconstruction of Podravina, in the mid-17th century, Molve were reconstructed, and the village was reinhabited by the residents from neighbouring settlements and from Zagorje and Me\u0111imurje.<\/p>\n<p>The parish was founded in 1665, and the parish church was built from 1855 to 1863. It is one of the largest and most representative churches in Croatia from the 19th century. Most of the inventory of the church was created at the end of the 19th and early 20th centuries for the parish priest Bla\u017e Toma\u0161i\u0107. The main altar, commissioned in Tyrol and built in the workshops of the famous sculptor Ferdinand Stufler (St. Ulrich, 1855 &#8211; Ortisei \/ St.Ulrich, 1926), was delivered to Molve in 1897 together with four large statues of St. Lucija, St. Barbara, St. Rok and St. Florijan.<\/p>\n<p>After the demilitarization of the regiment of \u0110ur\u0111evac in 1871, Molve became the centre of the municipality. In 1974, a natural gas site was found, one of the most important in Croatia, and in 1978 its exploitation began. Molve are one of the centres of Croatian naive art, with a gallery founded in 1994.<\/p>\n<\/div><\/div><\/div>[\/vc_column][vc_column]<div class=\"cz_gap clr  hide_on_tablet hide_on_mobile\" style=\"height: 75px\"><\/div><div class=\"cz_gap show_on_tablet clr  show_only_tablet\" style=\"height: 55px\"><\/div><div class=\"cz_gap show_on_mobile clr\" style=\"height: 35px\"><\/div>[\/vc_column][\/vc_row]<\/p>\n","protected":false},"excerpt":{"rendered":"<p>[vc_row][vc_column][\/vc_column][\/vc_row][vc_row full_width=&#8221;stretch_row&#8221; css=&#8221;.vc_custom_1608192430604{background-color: #ffffff !important;}&#8221;][vc_column][\/vc_column][vc_column][\/vc_column][\/vc_row] &#8230; <\/p>\n","protected":false},"author":1,"featured_media":0,"parent":5714,"menu_order":0,"comment_status":"closed","ping_status":"closed","template":"","meta":[],"yoast_head":"<!-- This site is optimized with the Yoast SEO plugin v19.2 - https:\/\/yoast.com\/wordpress\/plugins\/seo\/ -->\n<title>Molve - Turisti\u010dka zajednica<\/title>\n<meta name=\"robots\" content=\"index, follow, max-snippet:-1, max-image-preview:large, max-video-preview:-1\" \/>\n<link rel=\"canonical\" href=\"https:\/\/www.koprivnicatourism.com\/en\/region\/molve\/\" \/>\n<meta property=\"og:locale\" content=\"en_US\" \/>\n<meta property=\"og:type\" content=\"article\" \/>\n<meta property=\"og:title\" content=\"Molve - Turisti\u010dka zajednica\" \/>\n<meta property=\"og:description\" content=\"[vc_row][vc_column][\/vc_column][\/vc_row][vc_row full_width=&#8221;stretch_row&#8221; css=&#8221;.vc_custom_1608192430604{background-color: #ffffff !important;}&#8221;][vc_column][\/vc_column][vc_column][\/vc_column][\/vc_row] ...\" \/>\n<meta property=\"og:url\" content=\"https:\/\/www.koprivnicatourism.com\/en\/region\/molve\/\" \/>\n<meta property=\"og:site_name\" content=\"Turisti\u010dka zajednica\" \/>\n<meta property=\"article:publisher\" content=\"https:\/\/www.facebook.com\/turistickazajednica.koprivnica\" \/>\n<meta property=\"article:modified_time\" content=\"2021-09-20T08:16:59+00:00\" \/>\n<meta name=\"author\" content=\"Turisti\u010dka zajednica\" \/>\n<meta name=\"twitter:card\" content=\"summary_large_image\" \/>\n<meta name=\"twitter:label1\" content=\"Est. reading time\" \/>\n\t<meta name=\"twitter:data1\" content=\"2 minutes\" \/>\n<script type=\"application\/ld+json\" class=\"yoast-schema-graph\">{\"@context\":\"https:\/\/schema.org\",\"@graph\":[{\"@type\":\"Organization\",\"@id\":\"https:\/\/www.koprivnicatourism.com\/#organization\",\"name\":\"Turisti\u010dka zajednica Grada Koprivnice\",\"url\":\"https:\/\/www.koprivnicatourism.com\/\",\"sameAs\":[\"https:\/\/www.facebook.com\/turistickazajednica.koprivnica\"],\"logo\":{\"@type\":\"ImageObject\",\"inLanguage\":\"en-US\",\"@id\":\"https:\/\/www.koprivnicatourism.com\/#\/schema\/logo\/image\/\",\"url\":\"https:\/\/www.koprivnicatourism.com\/wp-content\/uploads\/2022\/06\/tz-logo-bez-pozadine.png\",\"contentUrl\":\"https:\/\/www.koprivnicatourism.com\/wp-content\/uploads\/2022\/06\/tz-logo-bez-pozadine.png\",\"width\":300,\"height\":300,\"caption\":\"Turisti\u010dka zajednica Grada Koprivnice\"},\"image\":{\"@id\":\"https:\/\/www.koprivnicatourism.com\/#\/schema\/logo\/image\/\"}},{\"@type\":\"WebSite\",\"@id\":\"https:\/\/www.koprivnicatourism.com\/#website\",\"url\":\"https:\/\/www.koprivnicatourism.com\/\",\"name\":\"Turisti\u010dka zajednica\",\"description\":\"Grada Koprivnice\",\"publisher\":{\"@id\":\"https:\/\/www.koprivnicatourism.com\/#organization\"},\"potentialAction\":[{\"@type\":\"SearchAction\",\"target\":{\"@type\":\"EntryPoint\",\"urlTemplate\":\"https:\/\/www.koprivnicatourism.com\/?s={search_term_string}\"},\"query-input\":\"required name=search_term_string\"}],\"inLanguage\":\"en-US\"},{\"@type\":\"WebPage\",\"@id\":\"https:\/\/www.koprivnicatourism.com\/en\/region\/molve\/#webpage\",\"url\":\"https:\/\/www.koprivnicatourism.com\/en\/region\/molve\/\",\"name\":\"Molve - Turisti\u010dka zajednica\",\"isPartOf\":{\"@id\":\"https:\/\/www.koprivnicatourism.com\/#website\"},\"datePublished\":\"2020-12-18T10:52:59+00:00\",\"dateModified\":\"2021-09-20T08:16:59+00:00\",\"breadcrumb\":{\"@id\":\"https:\/\/www.koprivnicatourism.com\/en\/region\/molve\/#breadcrumb\"},\"inLanguage\":\"en-US\",\"potentialAction\":[{\"@type\":\"ReadAction\",\"target\":[\"https:\/\/www.koprivnicatourism.com\/en\/region\/molve\/\"]}]},{\"@type\":\"BreadcrumbList\",\"@id\":\"https:\/\/www.koprivnicatourism.com\/en\/region\/molve\/#breadcrumb\",\"itemListElement\":[{\"@type\":\"ListItem\",\"position\":1,\"name\":\"Po\u010detna stranica\",\"item\":\"https:\/\/www.koprivnicatourism.com\/en\/pocetna\/\"},{\"@type\":\"ListItem\",\"position\":2,\"name\":\"Region\",\"item\":\"https:\/\/www.koprivnicatourism.com\/en\/region\/\"},{\"@type\":\"ListItem\",\"position\":3,\"name\":\"Molve\"}]}]}<\/script>\n<!-- \/ Yoast SEO plugin. -->","yoast_head_json":{"title":"Molve - Turisti\u010dka zajednica","robots":{"index":"index","follow":"follow","max-snippet":"max-snippet:-1","max-image-preview":"max-image-preview:large","max-video-preview":"max-video-preview:-1"},"canonical":"https:\/\/www.koprivnicatourism.com\/en\/region\/molve\/","og_locale":"en_US","og_type":"article","og_title":"Molve - Turisti\u010dka zajednica","og_description":"[vc_row][vc_column][\/vc_column][\/vc_row][vc_row full_width=&#8221;stretch_row&#8221; css=&#8221;.vc_custom_1608192430604{background-color: #ffffff !important;}&#8221;][vc_column][\/vc_column][vc_column][\/vc_column][\/vc_row] ...","og_url":"https:\/\/www.koprivnicatourism.com\/en\/region\/molve\/","og_site_name":"Turisti\u010dka zajednica","article_publisher":"https:\/\/www.facebook.com\/turistickazajednica.koprivnica","article_modified_time":"2021-09-20T08:16:59+00:00","author":"Turisti\u010dka zajednica","twitter_card":"summary_large_image","twitter_misc":{"Est. reading time":"2 minutes"},"schema":{"@context":"https:\/\/schema.org","@graph":[{"@type":"Organization","@id":"https:\/\/www.koprivnicatourism.com\/#organization","name":"Turisti\u010dka zajednica Grada Koprivnice","url":"https:\/\/www.koprivnicatourism.com\/","sameAs":["https:\/\/www.facebook.com\/turistickazajednica.koprivnica"],"logo":{"@type":"ImageObject","inLanguage":"en-US","@id":"https:\/\/www.koprivnicatourism.com\/#\/schema\/logo\/image\/","url":"https:\/\/www.koprivnicatourism.com\/wp-content\/uploads\/2022\/06\/tz-logo-bez-pozadine.png","contentUrl":"https:\/\/www.koprivnicatourism.com\/wp-content\/uploads\/2022\/06\/tz-logo-bez-pozadine.png","width":300,"height":300,"caption":"Turisti\u010dka zajednica Grada Koprivnice"},"image":{"@id":"https:\/\/www.koprivnicatourism.com\/#\/schema\/logo\/image\/"}},{"@type":"WebSite","@id":"https:\/\/www.koprivnicatourism.com\/#website","url":"https:\/\/www.koprivnicatourism.com\/","name":"Turisti\u010dka zajednica","description":"Grada Koprivnice","publisher":{"@id":"https:\/\/www.koprivnicatourism.com\/#organization"},"potentialAction":[{"@type":"SearchAction","target":{"@type":"EntryPoint","urlTemplate":"https:\/\/www.koprivnicatourism.com\/?s={search_term_string}"},"query-input":"required name=search_term_string"}],"inLanguage":"en-US"},{"@type":"WebPage","@id":"https:\/\/www.koprivnicatourism.com\/en\/region\/molve\/#webpage","url":"https:\/\/www.koprivnicatourism.com\/en\/region\/molve\/","name":"Molve - Turisti\u010dka zajednica","isPartOf":{"@id":"https:\/\/www.koprivnicatourism.com\/#website"},"datePublished":"2020-12-18T10:52:59+00:00","dateModified":"2021-09-20T08:16:59+00:00","breadcrumb":{"@id":"https:\/\/www.koprivnicatourism.com\/en\/region\/molve\/#breadcrumb"},"inLanguage":"en-US","potentialAction":[{"@type":"ReadAction","target":["https:\/\/www.koprivnicatourism.com\/en\/region\/molve\/"]}]},{"@type":"BreadcrumbList","@id":"https:\/\/www.koprivnicatourism.com\/en\/region\/molve\/#breadcrumb","itemListElement":[{"@type":"ListItem","position":1,"name":"Po\u010detna stranica","item":"https:\/\/www.koprivnicatourism.com\/en\/pocetna\/"},{"@type":"ListItem","position":2,"name":"Region","item":"https:\/\/www.koprivnicatourism.com\/en\/region\/"},{"@type":"ListItem","position":3,"name":"Molve"}]}]}},"_links":{"self":[{"href":"https:\/\/www.koprivnicatourism.com\/en\/wp-json\/wp\/v2\/pages\/2849"}],"collection":[{"href":"https:\/\/www.koprivnicatourism.com\/en\/wp-json\/wp\/v2\/pages"}],"about":[{"href":"https:\/\/www.koprivnicatourism.com\/en\/wp-json\/wp\/v2\/types\/page"}],"author":[{"embeddable":true,"href":"https:\/\/www.koprivnicatourism.com\/en\/wp-json\/wp\/v2\/users\/1"}],"replies":[{"embeddable":true,"href":"https:\/\/www.koprivnicatourism.com\/en\/wp-json\/wp\/v2\/comments?post=2849"}],"version-history":[{"count":0,"href":"https:\/\/www.koprivnicatourism.com\/en\/wp-json\/wp\/v2\/pages\/2849\/revisions"}],"up":[{"embeddable":true,"href":"https:\/\/www.koprivnicatourism.com\/en\/wp-json\/wp\/v2\/pages\/5714"}],"wp:attachment":[{"href":"https:\/\/www.koprivnicatourism.com\/en\/wp-json\/wp\/v2\/media?parent=2849"}],"curies":[{"name":"wp","href":"https:\/\/api.w.org\/{rel}","templated":true}]}}