{"id":4068,"date":"2020-12-16T11:08:14","date_gmt":"2020-12-16T11:08:14","guid":{"rendered":"https:\/\/www.koprivnicatourism.com\/sport-i-rekreacija\/"},"modified":"2021-02-25T08:37:05","modified_gmt":"2021-02-25T08:37:05","slug":"sports-and-recreation-content","status":"publish","type":"page","link":"https:\/\/www.koprivnicatourism.com\/en\/why-koprivnica\/sports-and-recreation-content\/","title":{"rendered":"Sports and recreation content"},"content":{"rendered":"<p>[vc_row][vc_column]<div id=\"cz_54021\" class=\"cz_54021 cz_title clr cz_title_ba_line cz_title_pos_inline\"><div class=\"cz_title_content\"><div class=\"cz_wpe_content\"><h1 class=\"sekcija-naslov\">Sports and recreation content<\/h1>\n<\/div><div class=\"cz_title_line cz_line_after_title\"><span>_<\/span><\/div><\/div><\/div><div id=\"cz_65711\" class=\"cz_65711 cz_title clr cz_title_pos_inline\"><div class=\"cz_title_content\"><div class=\"cz_wpe_content\"><p>Posjetitelji avanturisti\u010dkog duha mogu u\u017eivati u lovu i ribolovu, biciklizmu po ozna\u010denim gradskim i prigradskim stazama, planinarenju, ali i ronjenju i drugim vodenim sportovima na jezeru \u0160oderica. Isto tako mogu\u0107e je posjetiti i koprivni\u010dke bazene Cerine, koji \u0107e sa svojim mnogobrojnim i nadasve atraktivnim sadr\u017eajima zadovoljiti potrebe svih segmenata gostiju. Svakodnevna je i mogu\u0107nost kori\u0161tenja biciklisti\u010dkih staza u gradu i okolici. Nedaleko grada je i me\u0111unarodna podravska biciklisti\u010dka magistrala \u201eDravaroute\u201c.<\/p>\n<p>Ljeti je glavna kupali\u0161na destinacija jezero \u0160oderica, a rijeka Drava je idealna za vesla\u010dke sportove. Drava pru\u017ea jedinstvene krajolike sprudova, strmih obala, rukavaca i poplavnih \u0161uma, rijetke vrste biljaka i \u017eivotinja te mogu\u0107nosti za ribolov, biciklizam, veslanje, kupanje i u\u017eivanje u prirodi.<\/p>\n<\/div><\/div><\/div>[\/vc_column][\/vc_row][vc_row][vc_column width=&#8221;1\/4&#8243;]<a class=\"cz_content_box_link\" href=\"https:\/\/www.koprivnicatourism.com\/en\/sports-and-recreation-content\/fc-slaven-belupo\/\"><div class=\"cz_eqh cz_content_box_parent_fx  hover-box\"><div id=\"cz_45340\" class=\"cz_45340 cz_content_box clr\"><div class=\"cz_box_front clr\"><div class=\"cz_box_front_inner clr \"><span><\/span><div><div id=\"cz_78495\" class=\"cz_78495 cz_title clr cz_title_pos_inline\"><div class=\"cz_title_content\"><div class=\"cz_wpe_content\"><h3 class=\"sekcija-naslov\">FC Slaven Belupo<\/h3>\n<\/div><\/div><\/div><\/div><\/div><\/div><\/div><\/div><\/a><div class=\"cz_gap clr  hide_on_tablet hide_on_mobile\" style=\"height: 35px\"><\/div><div class=\"cz_gap show_on_tablet clr  show_only_tablet\" style=\"height: 35px\"><\/div><div class=\"cz_gap show_on_mobile clr\" style=\"height: 35px\"><\/div>[\/vc_column][vc_column width=&#8221;1\/4&#8243;]<a class=\"cz_content_box_link\" href=\"https:\/\/www.koprivnicatourism.com\/en\/sports-and-recreation-content\/fishing\/\"><div class=\"cz_eqh cz_content_box_parent_fx  hover-box\"><div id=\"cz_23981\" class=\"cz_23981 cz_content_box clr\"><div class=\"cz_box_front clr\"><div class=\"cz_box_front_inner clr \"><span><\/span><div><div id=\"cz_59364\" class=\"cz_59364 cz_title clr cz_title_pos_inline\"><div class=\"cz_title_content\"><div class=\"cz_wpe_content\"><h3 class=\"sekcija-naslov\">Fishing<\/h3>\n<\/div><\/div><\/div><\/div><\/div><\/div><\/div><\/div><\/a><div class=\"cz_gap clr  hide_on_tablet hide_on_mobile\" style=\"height: 35px\"><\/div><div class=\"cz_gap show_on_tablet clr  show_only_tablet\" style=\"height: 35px\"><\/div><div class=\"cz_gap show_on_mobile clr\" style=\"height: 35px\"><\/div>[\/vc_column][vc_column width=&#8221;1\/4&#8243;]<a class=\"cz_content_box_link\" href=\"https:\/\/www.koprivnicatourism.com\/en\/sports-and-recreation-content\/town-swimming-pools-cerine\/\"><div class=\"cz_eqh cz_content_box_parent_fx  hover-box\"><div id=\"cz_20959\" class=\"cz_20959 cz_content_box clr\"><div class=\"cz_box_front clr\"><div class=\"cz_box_front_inner clr \"><span><\/span><div><div id=\"cz_79476\" class=\"cz_79476 cz_title clr cz_title_pos_inline\"><div class=\"cz_title_content\"><div class=\"cz_wpe_content\"><h3 class=\"sekcija-naslov\">Town swimming pools Cerine<\/h3>\n<\/div><\/div><\/div><\/div><\/div><\/div><\/div><\/div><\/a><div class=\"cz_gap clr  hide_on_tablet hide_on_mobile\" style=\"height: 35px\"><\/div><div class=\"cz_gap show_on_tablet clr  show_only_tablet\" style=\"height: 35px\"><\/div><div class=\"cz_gap show_on_mobile clr\" style=\"height: 35px\"><\/div>[\/vc_column][vc_column width=&#8221;1\/4&#8243;]<a class=\"cz_content_box_link\" href=\"https:\/\/www.koprivnicatourism.com\/en\/sports-and-recreation-content\/cerine-sports-centre-and-fitness-centre\/\"><div class=\"cz_eqh cz_content_box_parent_fx  hover-box\"><div id=\"cz_79817\" class=\"cz_79817 cz_content_box clr\"><div class=\"cz_box_front clr\"><div class=\"cz_box_front_inner clr \"><span><\/span><div><div id=\"cz_44263\" class=\"cz_44263 cz_title clr cz_title_pos_inline\"><div class=\"cz_title_content\"><div class=\"cz_wpe_content\"><h3 class=\"sekcija-naslov\">Cerine Sports Centre and Fitness Centre<\/h3>\n<\/div><\/div><\/div><\/div><\/div><\/div><\/div><\/div><\/a><div class=\"cz_gap clr  hide_on_tablet hide_on_mobile\" style=\"height: 35px\"><\/div><div class=\"cz_gap show_on_tablet clr  show_only_tablet\" style=\"height: 35px\"><\/div><div class=\"cz_gap show_on_mobile clr\" style=\"height: 35px\"><\/div>[\/vc_column][\/vc_row]<\/p>\n","protected":false},"excerpt":{"rendered":"<p>[vc_row][vc_column][\/vc_column][\/vc_row][vc_row][vc_column width=&#8221;1\/4&#8243;][\/vc_column][vc_column width=&#8221;1\/4&#8243;][\/vc_column][vc_column width=&#8221;1\/4&#8243;][\/vc_column][vc_column width=&#8221;1\/4&#8243;][\/vc_column][\/vc_row] &#8230; <\/p>\n","protected":false},"author":1,"featured_media":0,"parent":4205,"menu_order":0,"comment_status":"closed","ping_status":"closed","template":"","meta":[],"yoast_head":"<!-- This site is optimized with the Yoast SEO plugin v19.2 - https:\/\/yoast.com\/wordpress\/plugins\/seo\/ -->\n<title>Sports and recreation content - Turisti\u010dka zajednica<\/title>\n<meta name=\"robots\" content=\"index, follow, max-snippet:-1, max-image-preview:large, max-video-preview:-1\" \/>\n<link rel=\"canonical\" href=\"https:\/\/www.koprivnicatourism.com\/en\/why-koprivnica\/sports-and-recreation-content\/\" \/>\n<meta property=\"og:locale\" content=\"en_US\" \/>\n<meta property=\"og:type\" content=\"article\" \/>\n<meta property=\"og:title\" content=\"Sports and recreation content - Turisti\u010dka zajednica\" \/>\n<meta property=\"og:description\" content=\"[vc_row][vc_column][\/vc_column][\/vc_row][vc_row][vc_column width=&#8221;1\/4&#8243;][\/vc_column][vc_column width=&#8221;1\/4&#8243;][\/vc_column][vc_column width=&#8221;1\/4&#8243;][\/vc_column][vc_column width=&#8221;1\/4&#8243;][\/vc_column][\/vc_row] ...\" \/>\n<meta property=\"og:url\" content=\"https:\/\/www.koprivnicatourism.com\/en\/why-koprivnica\/sports-and-recreation-content\/\" \/>\n<meta property=\"og:site_name\" content=\"Turisti\u010dka zajednica\" \/>\n<meta property=\"article:publisher\" content=\"https:\/\/www.facebook.com\/turistickazajednica.koprivnica\" \/>\n<meta property=\"article:modified_time\" content=\"2021-02-25T08:37:05+00:00\" \/>\n<meta name=\"author\" content=\"Turisti\u010dka zajednica\" \/>\n<meta name=\"twitter:card\" content=\"summary_large_image\" \/>\n<meta name=\"twitter:label1\" content=\"Est. reading time\" \/>\n\t<meta name=\"twitter:data1\" content=\"2 minutes\" \/>\n<script type=\"application\/ld+json\" class=\"yoast-schema-graph\">{\"@context\":\"https:\/\/schema.org\",\"@graph\":[{\"@type\":\"Organization\",\"@id\":\"https:\/\/www.koprivnicatourism.com\/#organization\",\"name\":\"Turisti\u010dka zajednica Grada Koprivnice\",\"url\":\"https:\/\/www.koprivnicatourism.com\/\",\"sameAs\":[\"https:\/\/www.facebook.com\/turistickazajednica.koprivnica\"],\"logo\":{\"@type\":\"ImageObject\",\"inLanguage\":\"en-US\",\"@id\":\"https:\/\/www.koprivnicatourism.com\/#\/schema\/logo\/image\/\",\"url\":\"https:\/\/www.koprivnicatourism.com\/wp-content\/uploads\/2022\/06\/tz-logo-bez-pozadine.png\",\"contentUrl\":\"https:\/\/www.koprivnicatourism.com\/wp-content\/uploads\/2022\/06\/tz-logo-bez-pozadine.png\",\"width\":300,\"height\":300,\"caption\":\"Turisti\u010dka zajednica Grada Koprivnice\"},\"image\":{\"@id\":\"https:\/\/www.koprivnicatourism.com\/#\/schema\/logo\/image\/\"}},{\"@type\":\"WebSite\",\"@id\":\"https:\/\/www.koprivnicatourism.com\/#website\",\"url\":\"https:\/\/www.koprivnicatourism.com\/\",\"name\":\"Turisti\u010dka zajednica\",\"description\":\"Grada Koprivnice\",\"publisher\":{\"@id\":\"https:\/\/www.koprivnicatourism.com\/#organization\"},\"potentialAction\":[{\"@type\":\"SearchAction\",\"target\":{\"@type\":\"EntryPoint\",\"urlTemplate\":\"https:\/\/www.koprivnicatourism.com\/?s={search_term_string}\"},\"query-input\":\"required name=search_term_string\"}],\"inLanguage\":\"en-US\"},{\"@type\":\"WebPage\",\"@id\":\"https:\/\/www.koprivnicatourism.com\/en\/why-koprivnica\/sports-and-recreation-content\/#webpage\",\"url\":\"https:\/\/www.koprivnicatourism.com\/en\/why-koprivnica\/sports-and-recreation-content\/\",\"name\":\"Sports and recreation content - Turisti\u010dka zajednica\",\"isPartOf\":{\"@id\":\"https:\/\/www.koprivnicatourism.com\/#website\"},\"datePublished\":\"2020-12-16T11:08:14+00:00\",\"dateModified\":\"2021-02-25T08:37:05+00:00\",\"breadcrumb\":{\"@id\":\"https:\/\/www.koprivnicatourism.com\/en\/why-koprivnica\/sports-and-recreation-content\/#breadcrumb\"},\"inLanguage\":\"en-US\",\"potentialAction\":[{\"@type\":\"ReadAction\",\"target\":[\"https:\/\/www.koprivnicatourism.com\/en\/why-koprivnica\/sports-and-recreation-content\/\"]}]},{\"@type\":\"BreadcrumbList\",\"@id\":\"https:\/\/www.koprivnicatourism.com\/en\/why-koprivnica\/sports-and-recreation-content\/#breadcrumb\",\"itemListElement\":[{\"@type\":\"ListItem\",\"position\":1,\"name\":\"Po\u010detna stranica\",\"item\":\"https:\/\/www.koprivnicatourism.com\/en\/pocetna\/\"},{\"@type\":\"ListItem\",\"position\":2,\"name\":\"Why Koprivnica?\",\"item\":\"https:\/\/www.koprivnicatourism.com\/en\/why-koprivnica\/\"},{\"@type\":\"ListItem\",\"position\":3,\"name\":\"Sports and recreation content\"}]}]}<\/script>\n<!-- \/ Yoast SEO plugin. -->","yoast_head_json":{"title":"Sports and recreation content - Turisti\u010dka zajednica","robots":{"index":"index","follow":"follow","max-snippet":"max-snippet:-1","max-image-preview":"max-image-preview:large","max-video-preview":"max-video-preview:-1"},"canonical":"https:\/\/www.koprivnicatourism.com\/en\/why-koprivnica\/sports-and-recreation-content\/","og_locale":"en_US","og_type":"article","og_title":"Sports and recreation content - Turisti\u010dka zajednica","og_description":"[vc_row][vc_column][\/vc_column][\/vc_row][vc_row][vc_column width=&#8221;1\/4&#8243;][\/vc_column][vc_column width=&#8221;1\/4&#8243;][\/vc_column][vc_column width=&#8221;1\/4&#8243;][\/vc_column][vc_column width=&#8221;1\/4&#8243;][\/vc_column][\/vc_row] ...","og_url":"https:\/\/www.koprivnicatourism.com\/en\/why-koprivnica\/sports-and-recreation-content\/","og_site_name":"Turisti\u010dka zajednica","article_publisher":"https:\/\/www.facebook.com\/turistickazajednica.koprivnica","article_modified_time":"2021-02-25T08:37:05+00:00","author":"Turisti\u010dka zajednica","twitter_card":"summary_large_image","twitter_misc":{"Est. reading time":"2 minutes"},"schema":{"@context":"https:\/\/schema.org","@graph":[{"@type":"Organization","@id":"https:\/\/www.koprivnicatourism.com\/#organization","name":"Turisti\u010dka zajednica Grada Koprivnice","url":"https:\/\/www.koprivnicatourism.com\/","sameAs":["https:\/\/www.facebook.com\/turistickazajednica.koprivnica"],"logo":{"@type":"ImageObject","inLanguage":"en-US","@id":"https:\/\/www.koprivnicatourism.com\/#\/schema\/logo\/image\/","url":"https:\/\/www.koprivnicatourism.com\/wp-content\/uploads\/2022\/06\/tz-logo-bez-pozadine.png","contentUrl":"https:\/\/www.koprivnicatourism.com\/wp-content\/uploads\/2022\/06\/tz-logo-bez-pozadine.png","width":300,"height":300,"caption":"Turisti\u010dka zajednica Grada Koprivnice"},"image":{"@id":"https:\/\/www.koprivnicatourism.com\/#\/schema\/logo\/image\/"}},{"@type":"WebSite","@id":"https:\/\/www.koprivnicatourism.com\/#website","url":"https:\/\/www.koprivnicatourism.com\/","name":"Turisti\u010dka zajednica","description":"Grada Koprivnice","publisher":{"@id":"https:\/\/www.koprivnicatourism.com\/#organization"},"potentialAction":[{"@type":"SearchAction","target":{"@type":"EntryPoint","urlTemplate":"https:\/\/www.koprivnicatourism.com\/?s={search_term_string}"},"query-input":"required name=search_term_string"}],"inLanguage":"en-US"},{"@type":"WebPage","@id":"https:\/\/www.koprivnicatourism.com\/en\/why-koprivnica\/sports-and-recreation-content\/#webpage","url":"https:\/\/www.koprivnicatourism.com\/en\/why-koprivnica\/sports-and-recreation-content\/","name":"Sports and recreation content - Turisti\u010dka zajednica","isPartOf":{"@id":"https:\/\/www.koprivnicatourism.com\/#website"},"datePublished":"2020-12-16T11:08:14+00:00","dateModified":"2021-02-25T08:37:05+00:00","breadcrumb":{"@id":"https:\/\/www.koprivnicatourism.com\/en\/why-koprivnica\/sports-and-recreation-content\/#breadcrumb"},"inLanguage":"en-US","potentialAction":[{"@type":"ReadAction","target":["https:\/\/www.koprivnicatourism.com\/en\/why-koprivnica\/sports-and-recreation-content\/"]}]},{"@type":"BreadcrumbList","@id":"https:\/\/www.koprivnicatourism.com\/en\/why-koprivnica\/sports-and-recreation-content\/#breadcrumb","itemListElement":[{"@type":"ListItem","position":1,"name":"Po\u010detna stranica","item":"https:\/\/www.koprivnicatourism.com\/en\/pocetna\/"},{"@type":"ListItem","position":2,"name":"Why Koprivnica?","item":"https:\/\/www.koprivnicatourism.com\/en\/why-koprivnica\/"},{"@type":"ListItem","position":3,"name":"Sports and recreation content"}]}]}},"_links":{"self":[{"href":"https:\/\/www.koprivnicatourism.com\/en\/wp-json\/wp\/v2\/pages\/4068"}],"collection":[{"href":"https:\/\/www.koprivnicatourism.com\/en\/wp-json\/wp\/v2\/pages"}],"about":[{"href":"https:\/\/www.koprivnicatourism.com\/en\/wp-json\/wp\/v2\/types\/page"}],"author":[{"embeddable":true,"href":"https:\/\/www.koprivnicatourism.com\/en\/wp-json\/wp\/v2\/users\/1"}],"replies":[{"embeddable":true,"href":"https:\/\/www.koprivnicatourism.com\/en\/wp-json\/wp\/v2\/comments?post=4068"}],"version-history":[{"count":0,"href":"https:\/\/www.koprivnicatourism.com\/en\/wp-json\/wp\/v2\/pages\/4068\/revisions"}],"up":[{"embeddable":true,"href":"https:\/\/www.koprivnicatourism.com\/en\/wp-json\/wp\/v2\/pages\/4205"}],"wp:attachment":[{"href":"https:\/\/www.koprivnicatourism.com\/en\/wp-json\/wp\/v2\/media?parent=4068"}],"curies":[{"name":"wp","href":"https:\/\/api.w.org\/{rel}","templated":true}]}}