{"id":4407,"date":"2020-12-17T07:10:39","date_gmt":"2020-12-17T07:10:39","guid":{"rendered":"https:\/\/www.koprivnicatourism.com\/why-koprivnica\/interactive-workshops-and-presentations\/prijedlog-programa-koprivnica-na-biciklinu\/"},"modified":"2021-03-01T06:11:30","modified_gmt":"2021-03-01T06:11:30","slug":"programme-suggestion-koprivnica-on-bicycle","status":"publish","type":"page","link":"https:\/\/www.koprivnicatourism.com\/en\/why-koprivnica\/interactive-workshops-and-presentations\/programme-suggestion-koprivnica-on-bicycle\/","title":{"rendered":"Programme suggestion &#8211; Koprivnica on bicycle"},"content":{"rendered":"<p>[vc_row][vc_column]<div id=\"cz_40805\" class=\"cz_40805 cz_title clr cz_title_ba_line cz_title_pos_inline\"><div class=\"cz_title_content\"><div class=\"cz_wpe_content\"><h1 class=\"sekcija-naslov\">Programme suggestion &#8211; Koprivnica on bicycle<\/h1>\n<\/div><div class=\"cz_title_line cz_line_after_title\"><span>_<\/span><\/div><\/div><\/div><div id=\"cz_84620\" class=\"cz_84620 cz_title clr cz_title_pos_inline\"><div class=\"cz_title_content\"><div class=\"cz_wpe_content\"><p><em><strong>&#8220;From Leonardo da Vinci to today &#8211; Koprivnica Open-air Museum of Bicycles&#8221;<\/strong><\/em><\/p>\n<\/div><\/div><\/div><div id=\"cz_88469\" class=\"cz_88469 cz_title clr cz_title_pos_inline\"><div class=\"cz_title_content\"><div class=\"cz_wpe_content\"><p>The bicycle has a special status in Podravina. Even today, in the era of various motor vehicles, it is an almost essential means of transport of every person from Podravina. Therefore, it is no wonder that, when you are in Koprivnica, you can see both the young and the elderly on this pretty vehicle. Citizens of Koprivnica want to make their contribution to ecology, the improvement and enhancement of health, the preservation of natural environment and the healthy lifestyle. If you add the fact that the town of Koprivnica has built about 50 km of cycling trails, and that it was among the first to launch the &#8220;free town bike&#8221; action, it is clear that Koprivnica is one of the &#8220;most cycling&#8221; towns in Croatia.<\/p>\n<p>9 a.m. &#8211; arrival in Koprivnica, meeting with the tour guide at the Koprivnica bus station, a panoramic ride through a part of the town by bus. Arrival at Ban Jela\u010di\u0107 Square, from where a walk through the Koprivnica Open-air Museum begins. We start from Leonardo da Vinci&#8217;s bicycle, a replica of the one from 1510, then we go to the &#8220;Draisine&#8221; from 1818, and then to the first pedal bike. We are doing a circle around the park and the centre, where, with each new replica, we see more modern bikes, up to the last of the seven replicas &#8211; the &#8220;Mountain Bike&#8221; from 1980. Our tour continues on Leander Brozovi\u0107 Square, where the Town Museum is located (possibility of entrance for a price) and pilasters with statues of protectors of Koprivnica. A walk through the town&#8217;s park with the musical pavilion to the Town Hall (architecture and peculiarities of the 16th and 19th-century buildings) and Florijanski Square &#8211; one of the most beautifully landscaped squares of continental Croatia. A short repose on the main town square. There is the modern first monument to the bicycle and cycling called &#8220;Circle&#8221; at the junction of Florijanski and Ban Jela\u010di\u0107 Square. A meeting with costumed cyclers. There is a possibility of organising workshops for children (from 1st to 6th grades of school).<\/p>\n<p>11 a.m. &#8211; a visit to the Museum of Nutrition, which is, for now, the only one of its kind in Croatia, where ethnographic, industrial technology, etiquette and two-dimensional packaging, propaganda material, photos from the history of Podravka, antique dishware and many other interesting collections are kept.<\/p>\n<p>12 a.m. &#8211; a visit to Podravka, &#8220;a company with a heart&#8221; that has &#8220;won over a great part of the world&#8221; with its food products, a tour of one of its production plants.<\/p>\n<ul>\n<li>a ride to the Danica industrial zone, an industrial zone tour, where most of the major local and international companies are located<\/li>\n<\/ul>\n<p>1 p.m. &#8211; departure to the Podravka Recreational Centre. Lunch at the restaurant &#8220;\u0160tagelj&#8221;. After lunch, there is time for playing and entertainment on the meadow next to the restaurant, far away from the noisy and dangerous roads. Enjoying clean air and nature according to the desire and mood of the group. There is a possibility of visiting the restaurant &#8220;Podravska klet.&#8221; From the top of the hill, you can see almost the entire Koprivnica. Return according to the group&#8217;s desire and mood.<\/p>\n<p>Going home later in the afternoon<\/p>\n<p>Price: 62.00 HRK per pupil (1st to 5th grade)<br \/>\nPrice: 76.00 HRK per pupil (6th to 8th grade)<\/p>\n<p><strong>The price includes:<\/strong><\/p>\n<ul>\n<li>a licensed tour guide \/ travel companion during the group&#8217;s stay in Koprivnica and its surroundings.<\/li>\n<li>lunch in the restaurant &#8220;\u0160tagelj&#8221; (dansteak or \u0107evap\u010di\u0107i, French fries, ketchup, bread, ice cream)<\/li>\n<li>a costumed animator<\/li>\n<li>expert accompaniment of up to 3 professors free of charge<\/li>\n<li>an announcement of visit to Podravka and the Museum of Nutrition (entrance free of charge)<\/li>\n<li>insurance in case of accident<\/li>\n<li>organization and realization of the excursion, VAT<\/li>\n<\/ul>\n<p><strong>Price does not include:<\/strong><\/p>\n<p>A ticket for the Town Museum &#8211; 5,00 HRK per student<br \/>\nTransport by bus (we organize transport from your town\/village on your request)<\/p>\n<p>The programme is designed for 40 students minimum. We suggest additional travel insurance. For all the rest, the Excursion Agreement and the Marbis Terms and Conditions of excursions apply.<\/p>\n<\/div><\/div><\/div>[\/vc_column][\/vc_row][vc_row][vc_column]<div class=\"cz_gap clr  hide_on_tablet hide_on_mobile\" style=\"height: 35px\"><\/div><div class=\"cz_gap show_on_tablet clr  show_only_tablet\" style=\"height: 35px\"><\/div><div class=\"cz_gap show_on_mobile clr\" style=\"height: 35px\"><\/div>[\/vc_column][vc_column width=&#8221;1\/3&#8243;][vc_column_text]<a class=\"natrag\" href=\"https:\/\/www.koprivnicatourism.com\/en\/why-koprivnica\/interactive-workshops-and-presentations\/\"><i class=\"fa czico-135-arrows-5 mr10\" style=\"color: #ffffff;\"><\/i> Interactive workshops and presentations<\/a>[\/vc_column_text][\/vc_column][vc_column width=&#8221;1\/3&#8243;][vc_column_text]<a class=\"gore backtotop\" href=\"#\"><i class=\"fa czico-187-up-arrow-1 mr10\" style=\"color: #ffffff;\"><\/i>Go to top<\/a>[\/vc_column_text][\/vc_column][vc_column width=&#8221;1\/3&#8243;][vc_column_text]<a class=\"gore\" href=\"https:\/\/www.koprivnicatourism.com\/en\/why-koprivnica\/museums-and-galleries\/\"><i class=\"fa czico-188-arrows-2 mr10\"><\/i> Museums and galleries<\/a>[\/vc_column_text][\/vc_column][\/vc_row]<\/p>\n","protected":false},"excerpt":{"rendered":"<p>[vc_row][vc_column][\/vc_column][\/vc_row][vc_row][vc_column][\/vc_column][vc_column width=&#8221;1\/3&#8243;][vc_column_text] Interactive workshops and presentations[\/vc_column_text][\/vc_column][vc_column width=&#8221;1\/3&#8243;][vc_column_text]Go to top[\/vc_column_text][\/vc_column][vc_column width=&#8221;1\/3&#8243;][vc_column_text] Museums &#8230; <\/p>\n","protected":false},"author":1,"featured_media":0,"parent":4381,"menu_order":0,"comment_status":"closed","ping_status":"closed","template":"","meta":[],"yoast_head":"<!-- This site is optimized with the Yoast SEO plugin v19.2 - https:\/\/yoast.com\/wordpress\/plugins\/seo\/ -->\n<title>Programme suggestion - Koprivnica on bicycle - Turisti\u010dka zajednica<\/title>\n<meta name=\"robots\" content=\"index, follow, max-snippet:-1, max-image-preview:large, max-video-preview:-1\" \/>\n<link rel=\"canonical\" href=\"https:\/\/www.koprivnicatourism.com\/en\/why-koprivnica\/interactive-workshops-and-presentations\/programme-suggestion-koprivnica-on-bicycle\/\" \/>\n<meta property=\"og:locale\" content=\"en_US\" \/>\n<meta property=\"og:type\" content=\"article\" \/>\n<meta property=\"og:title\" content=\"Programme suggestion - Koprivnica on bicycle - Turisti\u010dka zajednica\" \/>\n<meta property=\"og:description\" content=\"[vc_row][vc_column][\/vc_column][\/vc_row][vc_row][vc_column][\/vc_column][vc_column width=&#8221;1\/3&#8243;][vc_column_text] Interactive workshops and presentations[\/vc_column_text][\/vc_column][vc_column width=&#8221;1\/3&#8243;][vc_column_text]Go to top[\/vc_column_text][\/vc_column][vc_column width=&#8221;1\/3&#8243;][vc_column_text] Museums ...\" \/>\n<meta property=\"og:url\" content=\"https:\/\/www.koprivnicatourism.com\/en\/why-koprivnica\/interactive-workshops-and-presentations\/programme-suggestion-koprivnica-on-bicycle\/\" \/>\n<meta property=\"og:site_name\" content=\"Turisti\u010dka zajednica\" \/>\n<meta property=\"article:publisher\" content=\"https:\/\/www.facebook.com\/turistickazajednica.koprivnica\" \/>\n<meta property=\"article:modified_time\" content=\"2021-03-01T06:11:30+00:00\" \/>\n<meta name=\"author\" content=\"Turisti\u010dka zajednica\" \/>\n<meta name=\"twitter:card\" content=\"summary_large_image\" \/>\n<meta name=\"twitter:label1\" content=\"Est. reading time\" \/>\n\t<meta name=\"twitter:data1\" content=\"4 minutes\" \/>\n<script type=\"application\/ld+json\" class=\"yoast-schema-graph\">{\"@context\":\"https:\/\/schema.org\",\"@graph\":[{\"@type\":\"Organization\",\"@id\":\"https:\/\/www.koprivnicatourism.com\/#organization\",\"name\":\"Turisti\u010dka zajednica Grada Koprivnice\",\"url\":\"https:\/\/www.koprivnicatourism.com\/\",\"sameAs\":[\"https:\/\/www.facebook.com\/turistickazajednica.koprivnica\"],\"logo\":{\"@type\":\"ImageObject\",\"inLanguage\":\"en-US\",\"@id\":\"https:\/\/www.koprivnicatourism.com\/#\/schema\/logo\/image\/\",\"url\":\"https:\/\/www.koprivnicatourism.com\/wp-content\/uploads\/2022\/06\/tz-logo-bez-pozadine.png\",\"contentUrl\":\"https:\/\/www.koprivnicatourism.com\/wp-content\/uploads\/2022\/06\/tz-logo-bez-pozadine.png\",\"width\":300,\"height\":300,\"caption\":\"Turisti\u010dka zajednica Grada Koprivnice\"},\"image\":{\"@id\":\"https:\/\/www.koprivnicatourism.com\/#\/schema\/logo\/image\/\"}},{\"@type\":\"WebSite\",\"@id\":\"https:\/\/www.koprivnicatourism.com\/#website\",\"url\":\"https:\/\/www.koprivnicatourism.com\/\",\"name\":\"Turisti\u010dka zajednica\",\"description\":\"Grada Koprivnice\",\"publisher\":{\"@id\":\"https:\/\/www.koprivnicatourism.com\/#organization\"},\"potentialAction\":[{\"@type\":\"SearchAction\",\"target\":{\"@type\":\"EntryPoint\",\"urlTemplate\":\"https:\/\/www.koprivnicatourism.com\/?s={search_term_string}\"},\"query-input\":\"required name=search_term_string\"}],\"inLanguage\":\"en-US\"},{\"@type\":\"WebPage\",\"@id\":\"https:\/\/www.koprivnicatourism.com\/en\/why-koprivnica\/interactive-workshops-and-presentations\/programme-suggestion-koprivnica-on-bicycle\/#webpage\",\"url\":\"https:\/\/www.koprivnicatourism.com\/en\/why-koprivnica\/interactive-workshops-and-presentations\/programme-suggestion-koprivnica-on-bicycle\/\",\"name\":\"Programme suggestion - Koprivnica on bicycle - Turisti\u010dka zajednica\",\"isPartOf\":{\"@id\":\"https:\/\/www.koprivnicatourism.com\/#website\"},\"datePublished\":\"2020-12-17T07:10:39+00:00\",\"dateModified\":\"2021-03-01T06:11:30+00:00\",\"breadcrumb\":{\"@id\":\"https:\/\/www.koprivnicatourism.com\/en\/why-koprivnica\/interactive-workshops-and-presentations\/programme-suggestion-koprivnica-on-bicycle\/#breadcrumb\"},\"inLanguage\":\"en-US\",\"potentialAction\":[{\"@type\":\"ReadAction\",\"target\":[\"https:\/\/www.koprivnicatourism.com\/en\/why-koprivnica\/interactive-workshops-and-presentations\/programme-suggestion-koprivnica-on-bicycle\/\"]}]},{\"@type\":\"BreadcrumbList\",\"@id\":\"https:\/\/www.koprivnicatourism.com\/en\/why-koprivnica\/interactive-workshops-and-presentations\/programme-suggestion-koprivnica-on-bicycle\/#breadcrumb\",\"itemListElement\":[{\"@type\":\"ListItem\",\"position\":1,\"name\":\"Po\u010detna stranica\",\"item\":\"https:\/\/www.koprivnicatourism.com\/en\/pocetna\/\"},{\"@type\":\"ListItem\",\"position\":2,\"name\":\"Why Koprivnica?\",\"item\":\"https:\/\/www.koprivnicatourism.com\/en\/why-koprivnica\/\"},{\"@type\":\"ListItem\",\"position\":3,\"name\":\"Interactive workshops and presentations\",\"item\":\"https:\/\/www.koprivnicatourism.com\/en\/why-koprivnica\/interactive-workshops-and-presentations\/\"},{\"@type\":\"ListItem\",\"position\":4,\"name\":\"Programme suggestion &#8211; Koprivnica on bicycle\"}]}]}<\/script>\n<!-- \/ Yoast SEO plugin. -->","yoast_head_json":{"title":"Programme suggestion - Koprivnica on bicycle - Turisti\u010dka zajednica","robots":{"index":"index","follow":"follow","max-snippet":"max-snippet:-1","max-image-preview":"max-image-preview:large","max-video-preview":"max-video-preview:-1"},"canonical":"https:\/\/www.koprivnicatourism.com\/en\/why-koprivnica\/interactive-workshops-and-presentations\/programme-suggestion-koprivnica-on-bicycle\/","og_locale":"en_US","og_type":"article","og_title":"Programme suggestion - Koprivnica on bicycle - Turisti\u010dka zajednica","og_description":"[vc_row][vc_column][\/vc_column][\/vc_row][vc_row][vc_column][\/vc_column][vc_column width=&#8221;1\/3&#8243;][vc_column_text] Interactive workshops and presentations[\/vc_column_text][\/vc_column][vc_column width=&#8221;1\/3&#8243;][vc_column_text]Go to top[\/vc_column_text][\/vc_column][vc_column width=&#8221;1\/3&#8243;][vc_column_text] Museums ...","og_url":"https:\/\/www.koprivnicatourism.com\/en\/why-koprivnica\/interactive-workshops-and-presentations\/programme-suggestion-koprivnica-on-bicycle\/","og_site_name":"Turisti\u010dka zajednica","article_publisher":"https:\/\/www.facebook.com\/turistickazajednica.koprivnica","article_modified_time":"2021-03-01T06:11:30+00:00","author":"Turisti\u010dka zajednica","twitter_card":"summary_large_image","twitter_misc":{"Est. reading time":"4 minutes"},"schema":{"@context":"https:\/\/schema.org","@graph":[{"@type":"Organization","@id":"https:\/\/www.koprivnicatourism.com\/#organization","name":"Turisti\u010dka zajednica Grada Koprivnice","url":"https:\/\/www.koprivnicatourism.com\/","sameAs":["https:\/\/www.facebook.com\/turistickazajednica.koprivnica"],"logo":{"@type":"ImageObject","inLanguage":"en-US","@id":"https:\/\/www.koprivnicatourism.com\/#\/schema\/logo\/image\/","url":"https:\/\/www.koprivnicatourism.com\/wp-content\/uploads\/2022\/06\/tz-logo-bez-pozadine.png","contentUrl":"https:\/\/www.koprivnicatourism.com\/wp-content\/uploads\/2022\/06\/tz-logo-bez-pozadine.png","width":300,"height":300,"caption":"Turisti\u010dka zajednica Grada Koprivnice"},"image":{"@id":"https:\/\/www.koprivnicatourism.com\/#\/schema\/logo\/image\/"}},{"@type":"WebSite","@id":"https:\/\/www.koprivnicatourism.com\/#website","url":"https:\/\/www.koprivnicatourism.com\/","name":"Turisti\u010dka zajednica","description":"Grada Koprivnice","publisher":{"@id":"https:\/\/www.koprivnicatourism.com\/#organization"},"potentialAction":[{"@type":"SearchAction","target":{"@type":"EntryPoint","urlTemplate":"https:\/\/www.koprivnicatourism.com\/?s={search_term_string}"},"query-input":"required name=search_term_string"}],"inLanguage":"en-US"},{"@type":"WebPage","@id":"https:\/\/www.koprivnicatourism.com\/en\/why-koprivnica\/interactive-workshops-and-presentations\/programme-suggestion-koprivnica-on-bicycle\/#webpage","url":"https:\/\/www.koprivnicatourism.com\/en\/why-koprivnica\/interactive-workshops-and-presentations\/programme-suggestion-koprivnica-on-bicycle\/","name":"Programme suggestion - Koprivnica on bicycle - Turisti\u010dka zajednica","isPartOf":{"@id":"https:\/\/www.koprivnicatourism.com\/#website"},"datePublished":"2020-12-17T07:10:39+00:00","dateModified":"2021-03-01T06:11:30+00:00","breadcrumb":{"@id":"https:\/\/www.koprivnicatourism.com\/en\/why-koprivnica\/interactive-workshops-and-presentations\/programme-suggestion-koprivnica-on-bicycle\/#breadcrumb"},"inLanguage":"en-US","potentialAction":[{"@type":"ReadAction","target":["https:\/\/www.koprivnicatourism.com\/en\/why-koprivnica\/interactive-workshops-and-presentations\/programme-suggestion-koprivnica-on-bicycle\/"]}]},{"@type":"BreadcrumbList","@id":"https:\/\/www.koprivnicatourism.com\/en\/why-koprivnica\/interactive-workshops-and-presentations\/programme-suggestion-koprivnica-on-bicycle\/#breadcrumb","itemListElement":[{"@type":"ListItem","position":1,"name":"Po\u010detna stranica","item":"https:\/\/www.koprivnicatourism.com\/en\/pocetna\/"},{"@type":"ListItem","position":2,"name":"Why Koprivnica?","item":"https:\/\/www.koprivnicatourism.com\/en\/why-koprivnica\/"},{"@type":"ListItem","position":3,"name":"Interactive workshops and presentations","item":"https:\/\/www.koprivnicatourism.com\/en\/why-koprivnica\/interactive-workshops-and-presentations\/"},{"@type":"ListItem","position":4,"name":"Programme suggestion &#8211; Koprivnica on bicycle"}]}]}},"_links":{"self":[{"href":"https:\/\/www.koprivnicatourism.com\/en\/wp-json\/wp\/v2\/pages\/4407"}],"collection":[{"href":"https:\/\/www.koprivnicatourism.com\/en\/wp-json\/wp\/v2\/pages"}],"about":[{"href":"https:\/\/www.koprivnicatourism.com\/en\/wp-json\/wp\/v2\/types\/page"}],"author":[{"embeddable":true,"href":"https:\/\/www.koprivnicatourism.com\/en\/wp-json\/wp\/v2\/users\/1"}],"replies":[{"embeddable":true,"href":"https:\/\/www.koprivnicatourism.com\/en\/wp-json\/wp\/v2\/comments?post=4407"}],"version-history":[{"count":0,"href":"https:\/\/www.koprivnicatourism.com\/en\/wp-json\/wp\/v2\/pages\/4407\/revisions"}],"up":[{"embeddable":true,"href":"https:\/\/www.koprivnicatourism.com\/en\/wp-json\/wp\/v2\/pages\/4381"}],"wp:attachment":[{"href":"https:\/\/www.koprivnicatourism.com\/en\/wp-json\/wp\/v2\/media?parent=4407"}],"curies":[{"name":"wp","href":"https:\/\/api.w.org\/{rel}","templated":true}]}}