{"id":4438,"date":"2020-12-16T10:03:44","date_gmt":"2020-12-16T10:03:44","guid":{"rendered":"https:\/\/www.koprivnicatourism.com\/why-koprivnica\/povijest-i-kultura\/"},"modified":"2021-02-26T08:45:56","modified_gmt":"2021-02-26T08:45:56","slug":"history-and-culture","status":"publish","type":"page","link":"https:\/\/www.koprivnicatourism.com\/en\/why-koprivnica\/history-and-culture\/","title":{"rendered":"History and culture"},"content":{"rendered":"<p>[vc_row][vc_column]<div id=\"cz_42065\" class=\"cz_42065 cz_title clr cz_title_ba_line cz_title_pos_inline\"><div class=\"cz_title_content\"><div class=\"cz_wpe_content\"><h1 class=\"sekcija-naslov\">History and culture<\/h1>\n<\/div><div class=\"cz_title_line cz_line_after_title\"><span>_<\/span><\/div><\/div><\/div><div id=\"cz_53057\" class=\"cz_53057 cz_image clr cz_image_no_fx center_on_mobile\"><div class=\"\" ><div class=\"cz_image_in\"><div class=\"cz_main_image\"><img width=\"500\" height=\"375\" src=\"https:\/\/www.koprivnicatourism.com\/wp-content\/uploads\/2020\/12\/sv78.jpg\" class=\"attachment-full\" alt=\"\" title=\"sv78\" srcset=\"https:\/\/www.koprivnicatourism.com\/wp-content\/uploads\/2020\/12\/sv78.jpg 500w, https:\/\/www.koprivnicatourism.com\/wp-content\/uploads\/2020\/12\/sv78-300x225.jpg 300w\" sizes=\"(max-width: 500px) 100vw, 500px\" \/><\/div><\/div><\/div><\/div><div class=\"cz_gap clr  hide_on_tablet hide_on_mobile\" style=\"height: 15px\"><\/div><div class=\"cz_gap show_on_tablet clr  show_only_tablet\" style=\"height: 15px\"><\/div><div class=\"cz_gap show_on_mobile clr\" style=\"height: 15px\"><\/div><div id=\"cz_93996\" class=\"cz_93996 cz_title clr cz_title_pos_inline\"><div class=\"cz_title_content\"><div class=\"cz_wpe_content\"><p>Despite its turbulent history, Koprivnica is a town that has preserved a significant part of its cultural and historical heritage. The town and its landmarks increasingly attract tourists and visitors, and the entire historic town core is actually a unique monument.<\/p>\n<p>Inside the former military fortress, there are very valuable architectural monuments mainly located in \u0110uro Ester Street and on Dr. L. Brozovi\u0107 Square. There is the parish church of St. Nicholas, probably constructed on the foundations of a medieval Franciscan church. It was built in its today&#8217;s form before 1657 and thoroughly redecorated in 1892. The inventory inside the church belongs to a contemporary period. On the outer wall, there are memorials to three notable men from Koprivnica. In the middle of the 18th century, the baroque parish house was built by the church (its present-day appearance is mostly from 1779). A rare renaissance stela (gravestone) was erected on the park-side wall in 1608.<\/p>\n<p>The Franciscan monastery and the church of St. Anthony of Padua show a truly long history of Franciscans in Koprivnica (they arrived here around 1290). The Baroque monastery made of masonry, which leaned on the no longer existing earth fortifications, was built between 1675 and 1685 by the Franciscans. In the church of St. Anthony, there is some particularly important Baroque inventory and the later added Baroque chapel of St. Salvatore. Inside the former military fortress, there are also very valuable Baroque sacral pilasters, situated in the park on Dr. L. Brozovi\u0107 Square.<\/p>\n<p>Of profane architecture, the old town hall is especially attractive (later, it became the court building, and today it is the Town Museum of Koprivnica). This one-floor baroque building was constructed after the large fire in 1736. Today, the Town Museum has several important collections of which the archaeological and ethnographic stand out. Between the museum and the Franciscan monastery, there is a ruined edifice of a valuable civil house with a distinctly decorated front. Across the street, there is the Malan\u010dec family civil house. It was built by architect Carnelutti at the turn of the 19th into the 20th century. Today, there is an attractive and a large collection of civil furniture and paraphernalia in the house, which falls under the Town Museum&#8217;s jurisdiction.<\/p>\n<p>On the east side of \u0110uro Ester Street, near the church of St. Nicholas, there are several valuable houses and palaces from Baroque and Historicism. First of all, there is a Baroque town palace, probably built after 1765. Also, there is the Sulimanovi\u0107 Family house where a museum was founded, and on its entrance portal, there is an engraved coat of arms of Koprivnica. Other houses are of a newer date of construction \u2013 mostly palaces from Historicism and Secession, from the turn of the 19th and 20th centuries. There&#8217;s the old chemist&#8217;s house &#8220;K crnom orlu&#8221; (To the Black Eagle), and also the Secession Jeli\u0107 Family house, etc. From the period of Historicism, there is also an interesting firehouse in Frankopanska Street (Pseudomoorish-gothic architectural style).<\/p>\n<p>For visitors, the centre of the old town outside the former earth fortifications is the most interesting to see; today there are Zrinski, Jela\u010di\u0107, and Florijanski Squares. There is a connected block (mostly) of single-storey buildings, which were built in architectural styles from Baroque to Secession. There is a significant building of the new Town Hall which dominates the Zrinski Square. The foundation stone for this building was laid by Josip Jela\u010di\u0107 in 1856, then until 1892 it was a public school, and today it is the Town Hall. In front of the Town Hall, there is a famous monument to the bicycle. Of the preserved Baroque buildings, the most prominent one is a one storey building on the corner of Zrinski and Jela\u010di\u0107 Squares, then there are two buildings with a qan\u0101t duct system on the first floor &#8211; these are the brewery (with open arcades on the ground floor, and the interior decorated by famous artists of Koprivnica), and the Villa Parva. Of Historicistic buildings (mainly from Carnelutti&#8217;s architectural workshop) the Koprivnica Savings Bank (Town Gallery) and the Fran Galovi\u0107 Library and Reading room stand out. There are also several important Historicistic buildings on Jela\u010di\u0107 Square, of which the former Koprivnica Colleges of higher education building and the former Hotel Kri\u017e stand out. And on Florijanski Square, there are several one-storey and ground-floor buildings, mostly from the period of Historicism, constructed at the turn of the 19th and 20th centuries.<\/p>\n<p>In Svilarska Street, next to Zrinski Square, there is the building of the Jewish synagogue. This place of worship was erected by a large Jewish community of Koprivnica in 1875 and it was restored by the famous architect Koprivnica Slavko L\u00f6vy in 1937. Along with the main town square, the former Koprivnica town park was decorated on the place of old moats and earth fortifications. Its origins date back to 1856, but in the design of the park at the end of the 19th century, most credit belongs to the town&#8217;s gardener Dragutin Ruhl. The wooden pavilion from 1896 is the work of the carpenter Antun Rogina, and in the park, there is the famous sculpture of Josip Fluksi called Bu\u0111enje (Awakening). The Koprivnica town park is one of the most beautiful in northern Croatia.<\/p>\n<p>Of old buildings in Nem\u010di\u0107eva Street, you should take a look at a Baroque civil house (built before 1772), then the building of the sub-county of Koprivnica (Carnelutti&#8217;s work from the end of the 19th century), a Historicistic single-storey house (with the most beautiful Secession wrought-iron fence in the town), and a Biedermeier one-story building where the writer Antun Nem\u010di\u0107 Gostovinski lived). Along with the Historicistic single-storey merchant houses, on the Square of Youth (where it used to be a livestock fair) there is the building of the old Koprivnica Gymnasium (from 1908), and Domoljub (the Hall is from 1919). Near the park in Nem\u010di\u0107eva Street, there is the Orthodox Church of the Holy Trinity (Baroque, from 1794).<\/p>\n<p>Of the other old buildings, the old town hospital stands out (built mostly from 1873 to 1875), and next to it there is the chapel of St. Florian (which used to be at Florijanski Square and was rebuilt here in 1892). In Star\u010devi\u0107eva Street (near Podravka) there is the well-known Chapel of Our Lady of Sorrows of Grantule (1737), and the old slaughterhouse building in Starogradska Street &#8211; today the Podravka Nutrition Museum. Town cemeteries &#8211; especially the Catholic and the Jewish &#8211; abound with valuable monuments, too. Finally, in the western suburbs of the town, there is the pilgrimage church of the Blessed Virgin Mary in Mo\u010dile, which was built in the 1700s.<\/p>\n<\/div><\/div><\/div>[\/vc_column][\/vc_row][vc_row][vc_column width=&#8221;1\/3&#8243;][vc_column_text]<a class=\"natrag\" href=\"https:\/\/www.koprivnicatourism.com\/en\/why-koprivnica\/museums-and-galleries\/\"><i class=\"fa czico-135-arrows-5 mr10\" style=\"color: #ffffff;\"><\/i> Museums and galleries<\/a>[\/vc_column_text][\/vc_column][vc_column width=&#8221;1\/3&#8243;][vc_column_text]<a class=\"gore backtotop\" href=\"#\"><i class=\"fa czico-187-up-arrow-1 mr10\" style=\"color: #ffffff;\"><\/i>Go to top<\/a>[\/vc_column_text][\/vc_column][vc_column width=&#8221;1\/3&#8243;][vc_column_text]<a class=\"gore\" href=\"https:\/\/www.koprivnicatourism.com\/en\/why-koprivnica\/\"><i class=\"fa czico-188-arrows-2 mr10\"><\/i> Why Koprivnica?<\/a>[\/vc_column_text][\/vc_column][\/vc_row]<\/p>\n","protected":false},"excerpt":{"rendered":"<p>[vc_row][vc_column][\/vc_column][\/vc_row][vc_row][vc_column width=&#8221;1\/3&#8243;][vc_column_text] Museums and galleries[\/vc_column_text][\/vc_column][vc_column width=&#8221;1\/3&#8243;][vc_column_text]Go to top[\/vc_column_text][\/vc_column][vc_column width=&#8221;1\/3&#8243;][vc_column_text] Why Koprivnica?[\/vc_column_text][\/vc_column][\/vc_row] &#8230; <\/p>\n","protected":false},"author":1,"featured_media":0,"parent":4205,"menu_order":0,"comment_status":"closed","ping_status":"closed","template":"","meta":[],"yoast_head":"<!-- This site is optimized with the Yoast SEO plugin v19.2 - https:\/\/yoast.com\/wordpress\/plugins\/seo\/ -->\n<title>History and culture - Turisti\u010dka zajednica<\/title>\n<meta name=\"robots\" content=\"index, follow, max-snippet:-1, max-image-preview:large, max-video-preview:-1\" \/>\n<link rel=\"canonical\" href=\"https:\/\/www.koprivnicatourism.com\/en\/why-koprivnica\/history-and-culture\/\" \/>\n<meta property=\"og:locale\" content=\"en_US\" \/>\n<meta property=\"og:type\" content=\"article\" \/>\n<meta property=\"og:title\" content=\"History and culture - Turisti\u010dka zajednica\" \/>\n<meta property=\"og:description\" content=\"[vc_row][vc_column][\/vc_column][\/vc_row][vc_row][vc_column width=&#8221;1\/3&#8243;][vc_column_text] Museums and galleries[\/vc_column_text][\/vc_column][vc_column width=&#8221;1\/3&#8243;][vc_column_text]Go to top[\/vc_column_text][\/vc_column][vc_column width=&#8221;1\/3&#8243;][vc_column_text] Why Koprivnica?[\/vc_column_text][\/vc_column][\/vc_row] ...\" \/>\n<meta property=\"og:url\" content=\"https:\/\/www.koprivnicatourism.com\/en\/why-koprivnica\/history-and-culture\/\" \/>\n<meta property=\"og:site_name\" content=\"Turisti\u010dka zajednica\" \/>\n<meta property=\"article:publisher\" content=\"https:\/\/www.facebook.com\/turistickazajednica.koprivnica\" \/>\n<meta property=\"article:modified_time\" content=\"2021-02-26T08:45:56+00:00\" \/>\n<meta name=\"author\" content=\"Turisti\u010dka zajednica\" \/>\n<meta name=\"twitter:card\" content=\"summary_large_image\" \/>\n<meta name=\"twitter:label1\" content=\"Est. reading time\" \/>\n\t<meta name=\"twitter:data1\" content=\"6 minutes\" \/>\n<script type=\"application\/ld+json\" class=\"yoast-schema-graph\">{\"@context\":\"https:\/\/schema.org\",\"@graph\":[{\"@type\":\"Organization\",\"@id\":\"https:\/\/www.koprivnicatourism.com\/#organization\",\"name\":\"Turisti\u010dka zajednica Grada Koprivnice\",\"url\":\"https:\/\/www.koprivnicatourism.com\/\",\"sameAs\":[\"https:\/\/www.facebook.com\/turistickazajednica.koprivnica\"],\"logo\":{\"@type\":\"ImageObject\",\"inLanguage\":\"en-US\",\"@id\":\"https:\/\/www.koprivnicatourism.com\/#\/schema\/logo\/image\/\",\"url\":\"https:\/\/www.koprivnicatourism.com\/wp-content\/uploads\/2022\/06\/tz-logo-bez-pozadine.png\",\"contentUrl\":\"https:\/\/www.koprivnicatourism.com\/wp-content\/uploads\/2022\/06\/tz-logo-bez-pozadine.png\",\"width\":300,\"height\":300,\"caption\":\"Turisti\u010dka zajednica Grada Koprivnice\"},\"image\":{\"@id\":\"https:\/\/www.koprivnicatourism.com\/#\/schema\/logo\/image\/\"}},{\"@type\":\"WebSite\",\"@id\":\"https:\/\/www.koprivnicatourism.com\/#website\",\"url\":\"https:\/\/www.koprivnicatourism.com\/\",\"name\":\"Turisti\u010dka zajednica\",\"description\":\"Grada Koprivnice\",\"publisher\":{\"@id\":\"https:\/\/www.koprivnicatourism.com\/#organization\"},\"potentialAction\":[{\"@type\":\"SearchAction\",\"target\":{\"@type\":\"EntryPoint\",\"urlTemplate\":\"https:\/\/www.koprivnicatourism.com\/?s={search_term_string}\"},\"query-input\":\"required name=search_term_string\"}],\"inLanguage\":\"en-US\"},{\"@type\":\"WebPage\",\"@id\":\"https:\/\/www.koprivnicatourism.com\/en\/why-koprivnica\/history-and-culture\/#webpage\",\"url\":\"https:\/\/www.koprivnicatourism.com\/en\/why-koprivnica\/history-and-culture\/\",\"name\":\"History and culture - Turisti\u010dka zajednica\",\"isPartOf\":{\"@id\":\"https:\/\/www.koprivnicatourism.com\/#website\"},\"datePublished\":\"2020-12-16T10:03:44+00:00\",\"dateModified\":\"2021-02-26T08:45:56+00:00\",\"breadcrumb\":{\"@id\":\"https:\/\/www.koprivnicatourism.com\/en\/why-koprivnica\/history-and-culture\/#breadcrumb\"},\"inLanguage\":\"en-US\",\"potentialAction\":[{\"@type\":\"ReadAction\",\"target\":[\"https:\/\/www.koprivnicatourism.com\/en\/why-koprivnica\/history-and-culture\/\"]}]},{\"@type\":\"BreadcrumbList\",\"@id\":\"https:\/\/www.koprivnicatourism.com\/en\/why-koprivnica\/history-and-culture\/#breadcrumb\",\"itemListElement\":[{\"@type\":\"ListItem\",\"position\":1,\"name\":\"Po\u010detna stranica\",\"item\":\"https:\/\/www.koprivnicatourism.com\/en\/pocetna\/\"},{\"@type\":\"ListItem\",\"position\":2,\"name\":\"Why Koprivnica?\",\"item\":\"https:\/\/www.koprivnicatourism.com\/en\/why-koprivnica\/\"},{\"@type\":\"ListItem\",\"position\":3,\"name\":\"History and culture\"}]}]}<\/script>\n<!-- \/ Yoast SEO plugin. -->","yoast_head_json":{"title":"History and culture - Turisti\u010dka zajednica","robots":{"index":"index","follow":"follow","max-snippet":"max-snippet:-1","max-image-preview":"max-image-preview:large","max-video-preview":"max-video-preview:-1"},"canonical":"https:\/\/www.koprivnicatourism.com\/en\/why-koprivnica\/history-and-culture\/","og_locale":"en_US","og_type":"article","og_title":"History and culture - Turisti\u010dka zajednica","og_description":"[vc_row][vc_column][\/vc_column][\/vc_row][vc_row][vc_column width=&#8221;1\/3&#8243;][vc_column_text] Museums and galleries[\/vc_column_text][\/vc_column][vc_column width=&#8221;1\/3&#8243;][vc_column_text]Go to top[\/vc_column_text][\/vc_column][vc_column width=&#8221;1\/3&#8243;][vc_column_text] Why Koprivnica?[\/vc_column_text][\/vc_column][\/vc_row] ...","og_url":"https:\/\/www.koprivnicatourism.com\/en\/why-koprivnica\/history-and-culture\/","og_site_name":"Turisti\u010dka zajednica","article_publisher":"https:\/\/www.facebook.com\/turistickazajednica.koprivnica","article_modified_time":"2021-02-26T08:45:56+00:00","author":"Turisti\u010dka zajednica","twitter_card":"summary_large_image","twitter_misc":{"Est. reading time":"6 minutes"},"schema":{"@context":"https:\/\/schema.org","@graph":[{"@type":"Organization","@id":"https:\/\/www.koprivnicatourism.com\/#organization","name":"Turisti\u010dka zajednica Grada Koprivnice","url":"https:\/\/www.koprivnicatourism.com\/","sameAs":["https:\/\/www.facebook.com\/turistickazajednica.koprivnica"],"logo":{"@type":"ImageObject","inLanguage":"en-US","@id":"https:\/\/www.koprivnicatourism.com\/#\/schema\/logo\/image\/","url":"https:\/\/www.koprivnicatourism.com\/wp-content\/uploads\/2022\/06\/tz-logo-bez-pozadine.png","contentUrl":"https:\/\/www.koprivnicatourism.com\/wp-content\/uploads\/2022\/06\/tz-logo-bez-pozadine.png","width":300,"height":300,"caption":"Turisti\u010dka zajednica Grada Koprivnice"},"image":{"@id":"https:\/\/www.koprivnicatourism.com\/#\/schema\/logo\/image\/"}},{"@type":"WebSite","@id":"https:\/\/www.koprivnicatourism.com\/#website","url":"https:\/\/www.koprivnicatourism.com\/","name":"Turisti\u010dka zajednica","description":"Grada Koprivnice","publisher":{"@id":"https:\/\/www.koprivnicatourism.com\/#organization"},"potentialAction":[{"@type":"SearchAction","target":{"@type":"EntryPoint","urlTemplate":"https:\/\/www.koprivnicatourism.com\/?s={search_term_string}"},"query-input":"required name=search_term_string"}],"inLanguage":"en-US"},{"@type":"WebPage","@id":"https:\/\/www.koprivnicatourism.com\/en\/why-koprivnica\/history-and-culture\/#webpage","url":"https:\/\/www.koprivnicatourism.com\/en\/why-koprivnica\/history-and-culture\/","name":"History and culture - Turisti\u010dka zajednica","isPartOf":{"@id":"https:\/\/www.koprivnicatourism.com\/#website"},"datePublished":"2020-12-16T10:03:44+00:00","dateModified":"2021-02-26T08:45:56+00:00","breadcrumb":{"@id":"https:\/\/www.koprivnicatourism.com\/en\/why-koprivnica\/history-and-culture\/#breadcrumb"},"inLanguage":"en-US","potentialAction":[{"@type":"ReadAction","target":["https:\/\/www.koprivnicatourism.com\/en\/why-koprivnica\/history-and-culture\/"]}]},{"@type":"BreadcrumbList","@id":"https:\/\/www.koprivnicatourism.com\/en\/why-koprivnica\/history-and-culture\/#breadcrumb","itemListElement":[{"@type":"ListItem","position":1,"name":"Po\u010detna stranica","item":"https:\/\/www.koprivnicatourism.com\/en\/pocetna\/"},{"@type":"ListItem","position":2,"name":"Why Koprivnica?","item":"https:\/\/www.koprivnicatourism.com\/en\/why-koprivnica\/"},{"@type":"ListItem","position":3,"name":"History and culture"}]}]}},"_links":{"self":[{"href":"https:\/\/www.koprivnicatourism.com\/en\/wp-json\/wp\/v2\/pages\/4438"}],"collection":[{"href":"https:\/\/www.koprivnicatourism.com\/en\/wp-json\/wp\/v2\/pages"}],"about":[{"href":"https:\/\/www.koprivnicatourism.com\/en\/wp-json\/wp\/v2\/types\/page"}],"author":[{"embeddable":true,"href":"https:\/\/www.koprivnicatourism.com\/en\/wp-json\/wp\/v2\/users\/1"}],"replies":[{"embeddable":true,"href":"https:\/\/www.koprivnicatourism.com\/en\/wp-json\/wp\/v2\/comments?post=4438"}],"version-history":[{"count":0,"href":"https:\/\/www.koprivnicatourism.com\/en\/wp-json\/wp\/v2\/pages\/4438\/revisions"}],"up":[{"embeddable":true,"href":"https:\/\/www.koprivnicatourism.com\/en\/wp-json\/wp\/v2\/pages\/4205"}],"wp:attachment":[{"href":"https:\/\/www.koprivnicatourism.com\/en\/wp-json\/wp\/v2\/media?parent=4438"}],"curies":[{"name":"wp","href":"https:\/\/api.w.org\/{rel}","templated":true}]}}