{"id":5117,"date":"2020-12-18T08:23:41","date_gmt":"2020-12-18T08:23:41","guid":{"rendered":"https:\/\/www.koprivnicatourism.com\/suveniri\/"},"modified":"2024-10-28T12:26:23","modified_gmt":"2024-10-28T11:26:23","slug":"souvenirs-of-koprivnica","status":"publish","type":"page","link":"https:\/\/www.koprivnicatourism.com\/en\/lifestyle\/souvenirs-of-koprivnica\/","title":{"rendered":"Souvenirs of Koprivnica"},"content":{"rendered":"<p>[vc_row][vc_column]<div id=\"cz_60485\" class=\"cz_60485 cz_title clr cz_title_ba_line cz_title_pos_inline\"><div class=\"cz_title_content\"><div class=\"cz_wpe_content\"><h1 class=\"sekcija-naslov\">Souvenirs of Koprivnica<\/h1>\n<\/div><div class=\"cz_title_line cz_line_after_title\"><span>_<\/span><\/div><\/div><\/div><div id=\"cz_106077\" class=\"cz_grid_p cz_106077\"><div class=\"cz_grid cz_grid_1 clr cz_grid_c4 cz_grid_1_no_title cz_grid_1_mid tac\"><div class=\"cz_grid_item cz_grid_first\"><\/div><div class=\"cz_grid_item \"><div><a class=\"cz_grid_link \" href=\"https:\/\/www.koprivnicatourism.com\/wp-content\/uploads\/2020\/12\/sv142.jpg\" data-xtra-lightbox><img width=\"500\" height=\"375\" src=\"https:\/\/www.koprivnicatourism.com\/wp-content\/uploads\/2020\/12\/sv142.jpg\" class=\"attachment-codevz_600_600\" alt=\"\" title=\"sv142\" srcset=\"https:\/\/www.koprivnicatourism.com\/wp-content\/uploads\/2020\/12\/sv142.jpg 500w, https:\/\/www.koprivnicatourism.com\/wp-content\/uploads\/2020\/12\/sv142-300x225.jpg 300w\" sizes=\"(max-width: 500px) 100vw, 500px\" \/><div class=\"cz_grid_details\"><i class=\"fa fa-search cz_grid_icon\"><\/i><\/div><\/a><\/div><\/div><div class=\"cz_grid_item \"><div><a class=\"cz_grid_link \" href=\"https:\/\/www.koprivnicatourism.com\/wp-content\/uploads\/2020\/12\/sv143.jpg\" data-xtra-lightbox><img width=\"500\" height=\"375\" src=\"https:\/\/www.koprivnicatourism.com\/wp-content\/uploads\/2020\/12\/sv143.jpg\" class=\"attachment-codevz_600_600\" alt=\"\" title=\"sv143\" srcset=\"https:\/\/www.koprivnicatourism.com\/wp-content\/uploads\/2020\/12\/sv143.jpg 500w, https:\/\/www.koprivnicatourism.com\/wp-content\/uploads\/2020\/12\/sv143-300x225.jpg 300w\" sizes=\"(max-width: 500px) 100vw, 500px\" \/><div class=\"cz_grid_details\"><i class=\"fa fa-search cz_grid_icon\"><\/i><\/div><\/a><\/div><\/div><div class=\"cz_grid_item \"><div><a class=\"cz_grid_link \" href=\"https:\/\/www.koprivnicatourism.com\/wp-content\/uploads\/2020\/12\/sv144.jpg\" data-xtra-lightbox><img width=\"500\" height=\"375\" src=\"https:\/\/www.koprivnicatourism.com\/wp-content\/uploads\/2020\/12\/sv144.jpg\" class=\"attachment-codevz_600_600\" alt=\"\" title=\"sv144\" srcset=\"https:\/\/www.koprivnicatourism.com\/wp-content\/uploads\/2020\/12\/sv144.jpg 500w, https:\/\/www.koprivnicatourism.com\/wp-content\/uploads\/2020\/12\/sv144-300x225.jpg 300w\" sizes=\"(max-width: 500px) 100vw, 500px\" \/><div class=\"cz_grid_details\"><i class=\"fa fa-search cz_grid_icon\"><\/i><\/div><\/a><\/div><\/div><div class=\"cz_grid_item \"><div><a class=\"cz_grid_link \" href=\"https:\/\/www.koprivnicatourism.com\/wp-content\/uploads\/2020\/12\/sv145.jpg\" data-xtra-lightbox><img width=\"500\" height=\"375\" src=\"https:\/\/www.koprivnicatourism.com\/wp-content\/uploads\/2020\/12\/sv145.jpg\" class=\"attachment-codevz_600_600\" alt=\"\" title=\"sv145\" srcset=\"https:\/\/www.koprivnicatourism.com\/wp-content\/uploads\/2020\/12\/sv145.jpg 500w, https:\/\/www.koprivnicatourism.com\/wp-content\/uploads\/2020\/12\/sv145-300x225.jpg 300w\" sizes=\"(max-width: 500px) 100vw, 500px\" \/><div class=\"cz_grid_details\"><i class=\"fa fa-search cz_grid_icon\"><\/i><\/div><\/a><\/div><\/div><\/div><\/div><div class=\"cz_gap clr  hide_on_tablet hide_on_mobile\" style=\"height: 35px\"><\/div><div class=\"cz_gap show_on_tablet clr  show_only_tablet\" style=\"height: 35px\"><\/div><div class=\"cz_gap show_on_mobile clr\" style=\"height: 35px\"><\/div>[\/vc_column][\/vc_row][vc_row full_width=&#8221;stretch_row&#8221; css=&#8221;.vc_custom_1608192430604{background-color: #ffffff !important;}&#8221;][vc_column width=&#8221;1\/2&#8243;][\/vc_column][vc_column]<div class=\"cz_gap clr  hide_on_tablet hide_on_mobile\" style=\"height: 75px\"><\/div><div class=\"cz_gap show_on_tablet clr  show_only_tablet\" style=\"height: 55px\"><\/div><div class=\"cz_gap show_on_mobile clr\" style=\"height: 35px\"><\/div>[\/vc_column][\/vc_row][vc_row full_width=&#8221;stretch_row&#8221; css=&#8221;.vc_custom_1608272119875{background-color: #f9f9f9 !important;}&#8221;][vc_column]<div class=\"cz_gap clr  hide_on_tablet hide_on_mobile\" style=\"height: 75px\"><\/div><div class=\"cz_gap show_on_tablet clr  show_only_tablet\" style=\"height: 55px\"><\/div><div class=\"cz_gap show_on_mobile clr\" style=\"height: 35px\"><\/div>[\/vc_column][vc_column width=&#8221;1\/2&#8243;]<div id=\"cz_95798\" class=\"cz_95798 cz_title clr cz_title_pos_inline\"><div class=\"cz_title_content\"><div class=\"cz_wpe_content\"><h3 class=\"sekcija-naslov\">Medi\u010darna \u0160pi\u010dko<\/h3>\n<\/div><\/div><\/div><ul id=\"cz_53302\" class=\"cz_53302 cz_stylish_list clr cz_sl_icon_hover_zoom_in\"><li class=\"clr\"><div class=\"cz_sl_icon\"><i class=\"fa czico-082-maps-and-flags mr10\" style=\"color:#6ba322\"><\/i><\/div><div><span>\u0110ure Estera 9, 48 000 Koprivnica<\/span><\/div><\/li><li class=\"clr\"><div class=\"cz_sl_icon\"><i class=\"fa czico-096-user-shape mr10\" style=\"color:#6ba322\"><\/i><\/div><div><span>Ljubica \u0160pi\u010dko<small>Owner<\/small><\/span><\/div><\/li><li class=\"clr\"><div class=\"cz_sl_icon\"><i class=\"fas fa-phone-alt mr10\" style=\"color:#6ba322\"><\/i><\/div><div><span>+385 98\/ 248 480<\/span><\/div><\/li><li class=\"clr\"><div class=\"cz_sl_icon\"><i class=\"fas fa-phone-alt mr10\" style=\"color:#6ba322\"><\/i><\/div><div><span>+385 48 \/ 642 311<\/span><\/div><\/li><li class=\"clr\"><a href=\"mailto:medicarna.spicko@gmail.com\"><div class=\"cz_sl_icon\"><i class=\"fa czico-088-envelope-of-white-paper mr10\" style=\"color:#6ba322\"><\/i><\/div><div><span>medicarna.spicko@gmail.com<\/span><\/div><\/a><\/li><li class=\"clr\"><a href=\"http:\/\/medicarna-spicko.hr\/\"><div class=\"cz_sl_icon\"><i class=\"fa czico-088-envelope-of-white-paper mr10\" style=\"color:#6ba322\"><\/i><\/div><div><span>www.medicarna-spicko.hr<\/span><\/div><\/a><\/li><\/ul><div class=\"cz_gap clr  hide_on_tablet hide_on_mobile\" style=\"height: 35px\"><\/div><div class=\"cz_gap show_on_tablet clr  show_only_tablet\" style=\"height: 35px\"><\/div><div class=\"cz_gap show_on_mobile clr\" style=\"height: 35px\"><\/div><div id=\"cz_76463\" class=\"cz_76463 cz_title clr cz_title_pos_inline\"><div class=\"cz_title_content\"><div class=\"cz_wpe_content\"><p><strong>Working hours<\/strong><\/p>\n<\/div><\/div><\/div><div id=\"cz_13334\" class=\"cz_13334 cz_wh\"><div class=\"mb10 last0 clr\"><div class=\"clr\"><span class=\"cz_wh_left\"><b>Monday - Friday<\/b><\/span><span class=\"cz_wh_right\">08:00 - 20:00<\/span><\/div><div class=\"cz_wh_line\"><\/div><\/div><div class=\"mb10 last0 clr\"><div class=\"clr\"><span class=\"cz_wh_left\"><b>Saturday<\/b><\/span><span class=\"cz_wh_right\">08:00 - 15:00<\/span><\/div><div class=\"cz_wh_line\"><\/div><\/div><div class=\"mb10 last0 clr\"><div class=\"clr\"><span class=\"cz_wh_left\"><b>Sunday<\/b><\/span><span class=\"cz_wh_right\">08:00 - 13:00<\/span><\/div><div class=\"cz_wh_line\"><\/div><\/div><\/div>[\/vc_column][vc_column width=&#8221;1\/2&#8243;][\/vc_column][vc_column]<div class=\"cz_gap clr  hide_on_tablet hide_on_mobile\" style=\"height: 75px\"><\/div><div class=\"cz_gap show_on_tablet clr  show_only_tablet\" style=\"height: 55px\"><\/div><div class=\"cz_gap show_on_mobile clr\" style=\"height: 35px\"><\/div>[\/vc_column][\/vc_row][vc_row full_width=&#8221;stretch_row&#8221; css=&#8221;.vc_custom_1608280225393{background-color: #ffffff !important;}&#8221;][vc_column]<div class=\"cz_gap clr  hide_on_tablet hide_on_mobile\" style=\"height: 75px\"><\/div><div class=\"cz_gap show_on_tablet clr  show_only_tablet\" style=\"height: 55px\"><\/div><div class=\"cz_gap show_on_mobile clr\" style=\"height: 35px\"><\/div>[\/vc_column][vc_column width=&#8221;1\/2&#8243;]<div id=\"cz_45685\" class=\"cz_45685 cz_title clr cz_title_pos_inline\"><div class=\"cz_title_content\"><div class=\"cz_wpe_content\"><h3 class=\"sekcija-naslov\">Prioriti foto 2<\/h3>\n<\/div><\/div><\/div><ul id=\"cz_78481\" class=\"cz_78481 cz_stylish_list clr cz_sl_icon_hover_zoom_in\"><li class=\"clr\"><div class=\"cz_sl_icon\"><i class=\"fa czico-082-maps-and-flags mr10\" style=\"color:#6ba322\"><\/i><\/div><div><span>Trg bana Josipa Jela\u010di\u0107a<\/span><\/div><\/li><li class=\"clr\"><div class=\"cz_sl_icon\"><i class=\"fas fa-phone-alt mr10\" style=\"color:#6ba322\"><\/i><\/div><div><span>048\/ 625-220<\/span><\/div><\/li><\/ul>[\/vc_column][vc_column width=&#8221;1\/2&#8243;][\/vc_column][vc_column]<div class=\"cz_gap clr  hide_on_tablet hide_on_mobile\" style=\"height: 75px\"><\/div><div class=\"cz_gap show_on_tablet clr  show_only_tablet\" style=\"height: 55px\"><\/div><div class=\"cz_gap show_on_mobile clr\" style=\"height: 35px\"><\/div>[\/vc_column][\/vc_row][vc_row full_width=&#8221;stretch_row&#8221; css=&#8221;.vc_custom_1608272119875{background-color: #f9f9f9 !important;}&#8221;][vc_column]<div class=\"cz_gap clr  hide_on_tablet hide_on_mobile\" style=\"height: 75px\"><\/div><div class=\"cz_gap show_on_tablet clr  show_only_tablet\" style=\"height: 55px\"><\/div><div class=\"cz_gap show_on_mobile clr\" style=\"height: 35px\"><\/div>[\/vc_column][vc_column width=&#8221;1\/2&#8243;]<div id=\"cz_107107\" class=\"cz_107107 cz_title clr cz_title_pos_inline\"><div class=\"cz_title_content\"><div class=\"cz_wpe_content\"><h3 class=\"sekcija-naslov\">Etno kaj<\/h3>\n<\/div><\/div><\/div><ul id=\"cz_71467\" class=\"cz_71467 cz_stylish_list clr cz_sl_icon_hover_zoom_in\"><li class=\"clr\"><div class=\"cz_sl_icon\"><i class=\"fa czico-082-maps-and-flags mr10\" style=\"color:#6ba322\"><\/i><\/div><div><span>\u0160poljarska 50, 48000 Koprivnica<\/span><\/div><\/li><li class=\"clr\"><div class=\"cz_sl_icon\"><i class=\"fa czico-096-user-shape mr10\" style=\"color:#6ba322\"><\/i><\/div><div><span>Kre\u0161imir Petrovi\u0107<small>Owner<\/small><\/span><\/div><\/li><li class=\"clr\"><div class=\"cz_sl_icon\"><i class=\"fas fa-phone-alt mr10\" style=\"color:#6ba322\"><\/i><\/div><div><span>048 671-010<\/span><\/div><\/li><li class=\"clr\"><div class=\"cz_sl_icon\"><i class=\"fas fa-fax mr10\" style=\"color:#6ba322\"><\/i><\/div><div><span>048 671-011<\/span><\/div><\/li><li class=\"clr\"><a href=\"mailto:info@p-got.hr\"><div class=\"cz_sl_icon\"><i class=\"fa czico-088-envelope-of-white-paper mr10\" style=\"color:#6ba322\"><\/i><\/div><div><span>info@p-got.hr<\/span><\/div><\/a><\/li><li class=\"clr\"><a href=\"http:\/\/www.p-got.hr\"><div class=\"cz_sl_icon\"><i class=\"fa czico-088-envelope-of-white-paper mr10\" style=\"color:#6ba322\"><\/i><\/div><div><span>www.p-got.hr<\/span><\/div><\/a><\/li><\/ul>[\/vc_column][vc_column width=&#8221;1\/2&#8243;][\/vc_column][vc_column]<div class=\"cz_gap clr  hide_on_tablet hide_on_mobile\" style=\"height: 75px\"><\/div><div class=\"cz_gap show_on_tablet clr  show_only_tablet\" style=\"height: 55px\"><\/div><div class=\"cz_gap show_on_mobile clr\" style=\"height: 35px\"><\/div>[\/vc_column][\/vc_row][vc_row full_width=&#8221;stretch_row&#8221; css=&#8221;.vc_custom_1608280233648{background-color: #ffffff !important;}&#8221;][vc_column]<div class=\"cz_gap clr  hide_on_tablet hide_on_mobile\" style=\"height: 75px\"><\/div><div class=\"cz_gap show_on_tablet clr  show_only_tablet\" style=\"height: 55px\"><\/div><div class=\"cz_gap show_on_mobile clr\" style=\"height: 35px\"><\/div>[\/vc_column][vc_column width=&#8221;1\/2&#8243;]<div id=\"cz_101262\" class=\"cz_101262 cz_title clr cz_title_pos_inline\"><div class=\"cz_title_content\"><div class=\"cz_wpe_content\"><h3 class=\"sekcija-naslov\">Koprivni\u010dka kova\u010dnica<\/h3>\n<\/div><\/div><\/div><ul id=\"cz_77313\" class=\"cz_77313 cz_stylish_list clr cz_sl_icon_hover_zoom_in\"><li class=\"clr\"><div class=\"cz_sl_icon\"><i class=\"fa czico-096-user-shape mr10\" style=\"color:#6ba322\"><\/i><\/div><div><span>Josip Eva\u010di\u0107<small>Owner<\/small><\/span><\/div><\/li><\/ul>[\/vc_column][vc_column width=&#8221;1\/2&#8243;][\/vc_column][vc_column]<div class=\"cz_gap clr  hide_on_tablet hide_on_mobile\" style=\"height: 75px\"><\/div><div class=\"cz_gap show_on_tablet clr  show_only_tablet\" style=\"height: 55px\"><\/div><div class=\"cz_gap show_on_mobile clr\" style=\"height: 35px\"><\/div>[\/vc_column][\/vc_row]<\/p>\n","protected":false},"excerpt":{"rendered":"<p>[vc_row][vc_column][\/vc_column][\/vc_row][vc_row full_width=&#8221;stretch_row&#8221; css=&#8221;.vc_custom_1608192430604{background-color: #ffffff !important;}&#8221;][vc_column width=&#8221;1\/2&#8243;][\/vc_column][vc_column][\/vc_column][\/vc_row][vc_row full_width=&#8221;stretch_row&#8221; css=&#8221;.vc_custom_1608272119875{background-color: #f9f9f9 !important;}&#8221;][vc_column][\/vc_column][vc_column width=&#8221;1\/2&#8243;][\/vc_column][vc_column &#8230; <\/p>\n","protected":false},"author":1,"featured_media":0,"parent":5762,"menu_order":0,"comment_status":"closed","ping_status":"closed","template":"","meta":[],"yoast_head":"<!-- This site is optimized with the Yoast SEO plugin v19.2 - https:\/\/yoast.com\/wordpress\/plugins\/seo\/ -->\n<title>Souvenirs of Koprivnica - Turisti\u010dka zajednica<\/title>\n<meta name=\"robots\" content=\"index, follow, max-snippet:-1, max-image-preview:large, max-video-preview:-1\" \/>\n<link rel=\"canonical\" href=\"https:\/\/www.koprivnicatourism.com\/lifestyle\/suveniri\/\" \/>\n<meta property=\"og:locale\" content=\"en_US\" \/>\n<meta property=\"og:type\" content=\"article\" \/>\n<meta property=\"og:title\" content=\"Souvenirs of Koprivnica - Turisti\u010dka zajednica\" \/>\n<meta property=\"og:description\" content=\"[vc_row][vc_column][\/vc_column][\/vc_row][vc_row full_width=&#8221;stretch_row&#8221; css=&#8221;.vc_custom_1608192430604{background-color: #ffffff !important;}&#8221;][vc_column width=&#8221;1\/2&#8243;][\/vc_column][vc_column][\/vc_column][\/vc_row][vc_row full_width=&#8221;stretch_row&#8221; css=&#8221;.vc_custom_1608272119875{background-color: #f9f9f9 !important;}&#8221;][vc_column][\/vc_column][vc_column width=&#8221;1\/2&#8243;][\/vc_column][vc_column ...\" \/>\n<meta property=\"og:url\" content=\"https:\/\/www.koprivnicatourism.com\/lifestyle\/suveniri\/\" \/>\n<meta property=\"og:site_name\" content=\"Turisti\u010dka zajednica\" \/>\n<meta property=\"article:publisher\" content=\"https:\/\/www.facebook.com\/turistickazajednica.koprivnica\" \/>\n<meta property=\"article:modified_time\" content=\"2024-10-28T11:26:23+00:00\" \/>\n<meta name=\"author\" content=\"Turisti\u010dka zajednica\" \/>\n<meta name=\"twitter:card\" content=\"summary_large_image\" \/>\n<meta name=\"twitter:label1\" content=\"Est. reading time\" \/>\n\t<meta name=\"twitter:data1\" content=\"1 minute\" \/>\n<script type=\"application\/ld+json\" class=\"yoast-schema-graph\">{\"@context\":\"https:\/\/schema.org\",\"@graph\":[{\"@type\":\"Organization\",\"@id\":\"https:\/\/www.koprivnicatourism.com\/#organization\",\"name\":\"Turisti\u010dka zajednica Grada Koprivnice\",\"url\":\"https:\/\/www.koprivnicatourism.com\/\",\"sameAs\":[\"https:\/\/www.facebook.com\/turistickazajednica.koprivnica\"],\"logo\":{\"@type\":\"ImageObject\",\"inLanguage\":\"en-US\",\"@id\":\"https:\/\/www.koprivnicatourism.com\/#\/schema\/logo\/image\/\",\"url\":\"https:\/\/www.koprivnicatourism.com\/wp-content\/uploads\/2022\/06\/tz-logo-bez-pozadine.png\",\"contentUrl\":\"https:\/\/www.koprivnicatourism.com\/wp-content\/uploads\/2022\/06\/tz-logo-bez-pozadine.png\",\"width\":300,\"height\":300,\"caption\":\"Turisti\u010dka zajednica Grada Koprivnice\"},\"image\":{\"@id\":\"https:\/\/www.koprivnicatourism.com\/#\/schema\/logo\/image\/\"}},{\"@type\":\"WebSite\",\"@id\":\"https:\/\/www.koprivnicatourism.com\/#website\",\"url\":\"https:\/\/www.koprivnicatourism.com\/\",\"name\":\"Turisti\u010dka zajednica\",\"description\":\"Grada Koprivnice\",\"publisher\":{\"@id\":\"https:\/\/www.koprivnicatourism.com\/#organization\"},\"potentialAction\":[{\"@type\":\"SearchAction\",\"target\":{\"@type\":\"EntryPoint\",\"urlTemplate\":\"https:\/\/www.koprivnicatourism.com\/?s={search_term_string}\"},\"query-input\":\"required name=search_term_string\"}],\"inLanguage\":\"en-US\"},{\"@type\":\"WebPage\",\"@id\":\"https:\/\/www.koprivnicatourism.com\/lifestyle\/suveniri\/#webpage\",\"url\":\"https:\/\/www.koprivnicatourism.com\/lifestyle\/suveniri\/\",\"name\":\"Souvenirs of Koprivnica - Turisti\u010dka zajednica\",\"isPartOf\":{\"@id\":\"https:\/\/www.koprivnicatourism.com\/#website\"},\"datePublished\":\"2020-12-18T08:23:41+00:00\",\"dateModified\":\"2024-10-28T11:26:23+00:00\",\"breadcrumb\":{\"@id\":\"https:\/\/www.koprivnicatourism.com\/lifestyle\/suveniri\/#breadcrumb\"},\"inLanguage\":\"en-US\",\"potentialAction\":[{\"@type\":\"ReadAction\",\"target\":[\"https:\/\/www.koprivnicatourism.com\/lifestyle\/suveniri\/\"]}]},{\"@type\":\"BreadcrumbList\",\"@id\":\"https:\/\/www.koprivnicatourism.com\/lifestyle\/suveniri\/#breadcrumb\",\"itemListElement\":[{\"@type\":\"ListItem\",\"position\":1,\"name\":\"Po\u010detna stranica\",\"item\":\"https:\/\/www.koprivnicatourism.com\/en\/pocetna\/\"},{\"@type\":\"ListItem\",\"position\":2,\"name\":\"Lifestyle\",\"item\":\"https:\/\/www.koprivnicatourism.com\/en\/lifestyle\/\"},{\"@type\":\"ListItem\",\"position\":3,\"name\":\"Souvenirs of Koprivnica\"}]}]}<\/script>\n<!-- \/ Yoast SEO plugin. -->","yoast_head_json":{"title":"Souvenirs of Koprivnica - Turisti\u010dka zajednica","robots":{"index":"index","follow":"follow","max-snippet":"max-snippet:-1","max-image-preview":"max-image-preview:large","max-video-preview":"max-video-preview:-1"},"canonical":"https:\/\/www.koprivnicatourism.com\/lifestyle\/suveniri\/","og_locale":"en_US","og_type":"article","og_title":"Souvenirs of Koprivnica - Turisti\u010dka zajednica","og_description":"[vc_row][vc_column][\/vc_column][\/vc_row][vc_row full_width=&#8221;stretch_row&#8221; css=&#8221;.vc_custom_1608192430604{background-color: #ffffff !important;}&#8221;][vc_column width=&#8221;1\/2&#8243;][\/vc_column][vc_column][\/vc_column][\/vc_row][vc_row full_width=&#8221;stretch_row&#8221; css=&#8221;.vc_custom_1608272119875{background-color: #f9f9f9 !important;}&#8221;][vc_column][\/vc_column][vc_column width=&#8221;1\/2&#8243;][\/vc_column][vc_column ...","og_url":"https:\/\/www.koprivnicatourism.com\/lifestyle\/suveniri\/","og_site_name":"Turisti\u010dka zajednica","article_publisher":"https:\/\/www.facebook.com\/turistickazajednica.koprivnica","article_modified_time":"2024-10-28T11:26:23+00:00","author":"Turisti\u010dka zajednica","twitter_card":"summary_large_image","twitter_misc":{"Est. reading time":"1 minute"},"schema":{"@context":"https:\/\/schema.org","@graph":[{"@type":"Organization","@id":"https:\/\/www.koprivnicatourism.com\/#organization","name":"Turisti\u010dka zajednica Grada Koprivnice","url":"https:\/\/www.koprivnicatourism.com\/","sameAs":["https:\/\/www.facebook.com\/turistickazajednica.koprivnica"],"logo":{"@type":"ImageObject","inLanguage":"en-US","@id":"https:\/\/www.koprivnicatourism.com\/#\/schema\/logo\/image\/","url":"https:\/\/www.koprivnicatourism.com\/wp-content\/uploads\/2022\/06\/tz-logo-bez-pozadine.png","contentUrl":"https:\/\/www.koprivnicatourism.com\/wp-content\/uploads\/2022\/06\/tz-logo-bez-pozadine.png","width":300,"height":300,"caption":"Turisti\u010dka zajednica Grada Koprivnice"},"image":{"@id":"https:\/\/www.koprivnicatourism.com\/#\/schema\/logo\/image\/"}},{"@type":"WebSite","@id":"https:\/\/www.koprivnicatourism.com\/#website","url":"https:\/\/www.koprivnicatourism.com\/","name":"Turisti\u010dka zajednica","description":"Grada Koprivnice","publisher":{"@id":"https:\/\/www.koprivnicatourism.com\/#organization"},"potentialAction":[{"@type":"SearchAction","target":{"@type":"EntryPoint","urlTemplate":"https:\/\/www.koprivnicatourism.com\/?s={search_term_string}"},"query-input":"required name=search_term_string"}],"inLanguage":"en-US"},{"@type":"WebPage","@id":"https:\/\/www.koprivnicatourism.com\/lifestyle\/suveniri\/#webpage","url":"https:\/\/www.koprivnicatourism.com\/lifestyle\/suveniri\/","name":"Souvenirs of Koprivnica - Turisti\u010dka zajednica","isPartOf":{"@id":"https:\/\/www.koprivnicatourism.com\/#website"},"datePublished":"2020-12-18T08:23:41+00:00","dateModified":"2024-10-28T11:26:23+00:00","breadcrumb":{"@id":"https:\/\/www.koprivnicatourism.com\/lifestyle\/suveniri\/#breadcrumb"},"inLanguage":"en-US","potentialAction":[{"@type":"ReadAction","target":["https:\/\/www.koprivnicatourism.com\/lifestyle\/suveniri\/"]}]},{"@type":"BreadcrumbList","@id":"https:\/\/www.koprivnicatourism.com\/lifestyle\/suveniri\/#breadcrumb","itemListElement":[{"@type":"ListItem","position":1,"name":"Po\u010detna stranica","item":"https:\/\/www.koprivnicatourism.com\/en\/pocetna\/"},{"@type":"ListItem","position":2,"name":"Lifestyle","item":"https:\/\/www.koprivnicatourism.com\/en\/lifestyle\/"},{"@type":"ListItem","position":3,"name":"Souvenirs of Koprivnica"}]}]}},"_links":{"self":[{"href":"https:\/\/www.koprivnicatourism.com\/en\/wp-json\/wp\/v2\/pages\/5117"}],"collection":[{"href":"https:\/\/www.koprivnicatourism.com\/en\/wp-json\/wp\/v2\/pages"}],"about":[{"href":"https:\/\/www.koprivnicatourism.com\/en\/wp-json\/wp\/v2\/types\/page"}],"author":[{"embeddable":true,"href":"https:\/\/www.koprivnicatourism.com\/en\/wp-json\/wp\/v2\/users\/1"}],"replies":[{"embeddable":true,"href":"https:\/\/www.koprivnicatourism.com\/en\/wp-json\/wp\/v2\/comments?post=5117"}],"version-history":[{"count":2,"href":"https:\/\/www.koprivnicatourism.com\/en\/wp-json\/wp\/v2\/pages\/5117\/revisions"}],"predecessor-version":[{"id":7686,"href":"https:\/\/www.koprivnicatourism.com\/en\/wp-json\/wp\/v2\/pages\/5117\/revisions\/7686"}],"up":[{"embeddable":true,"href":"https:\/\/www.koprivnicatourism.com\/en\/wp-json\/wp\/v2\/pages\/5762"}],"wp:attachment":[{"href":"https:\/\/www.koprivnicatourism.com\/en\/wp-json\/wp\/v2\/media?parent=5117"}],"curies":[{"name":"wp","href":"https:\/\/api.w.org\/{rel}","templated":true}]}}