{"id":6135,"date":"2021-03-11T11:01:39","date_gmt":"2021-03-11T11:01:39","guid":{"rendered":"https:\/\/www.koprivnicatourism.com\/cjenik-najam-standova-kucica-i-palisada\/"},"modified":"2021-09-22T06:23:25","modified_gmt":"2021-09-22T06:23:25","slug":"cjenik-najam-standova-kucica-i-palisada","status":"publish","type":"page","link":"https:\/\/www.koprivnicatourism.com\/en\/cjenik-najam-standova-kucica-i-palisada\/","title":{"rendered":"Cjenik: najam \u0161tandova, ku\u0107ica i palisada"},"content":{"rendered":"<p>[vc_row][vc_column]<div id=\"cz_85425\" class=\"cz_85425 cz_title clr cz_title_ba_line cz_title_pos_inline\"><div class=\"cz_title_content\"><div class=\"cz_wpe_content\"><h1>Cjenik: najam \u0161tandova, ku\u0107ica i palisada<\/h1>\n<\/div><div class=\"cz_title_line cz_line_after_title\"><span>_<\/span><\/div><\/div><\/div>[\/vc_column][\/vc_row][vc_row][vc_column]<div id=\"cz_45268\" class=\"cz_45268 cz_title clr cz_title_pos_inline\"><div class=\"cz_title_content\"><div class=\"cz_wpe_content\"><p><strong>Najam \u0161tanda:<\/strong><br \/>\n&#8211; do 3 dana = 100,00 kn + PDV<br \/>\n&#8211; 4 &#8211; 10 dana = 250,00 kn + PDV<br \/>\n&#8211; 11 &#8211; 20 dana = 400,00 kn + PDV<\/p>\n<p><strong>Najam ku\u0107ice:<\/strong><br \/>\n&#8211; do 3 dana = 500,00 kn + PDV<br \/>\n&#8211; 4 -10 dana = 1000,00 kn + PDV<br \/>\n&#8211; 11 &#8211; 20 dana = 2000,00 kn + PDV<\/p>\n<p><strong>Najam palisade po komadu:<\/strong><br \/>\n&#8211; do 3 dana = 50,00 kn + PDV<br \/>\n&#8211; 4 &#8211; 10 dana = 100,00 kn + PDV<br \/>\n&#8211; 11 dana i vi\u0161e = 150,00 kn + PDV<\/p>\n<p>&nbsp;<\/p>\n<p>Za dodatne informacije kontaktirajte nas na broj telefona: 048\/621-433 ili putem mail-a: <a href=\"mailto:tzg-koprivnica@kc.t-com.hr\">tzg-koprivnica@kc.t-com.hr<\/a><\/p>\n<\/div><\/div><\/div>[\/vc_column][\/vc_row]<\/p>\n","protected":false},"excerpt":{"rendered":"<p>[vc_row][vc_column][\/vc_column][\/vc_row][vc_row][vc_column][\/vc_column][\/vc_row] &#8230; <\/p>\n","protected":false},"author":1,"featured_media":0,"parent":0,"menu_order":0,"comment_status":"closed","ping_status":"closed","template":"","meta":[],"yoast_head":"<!-- This site is optimized with the Yoast SEO plugin v19.2 - https:\/\/yoast.com\/wordpress\/plugins\/seo\/ -->\n<title>Cjenik: najam \u0161tandova, ku\u0107ica i palisada - Turisti\u010dka zajednica<\/title>\n<meta name=\"robots\" content=\"index, follow, max-snippet:-1, max-image-preview:large, max-video-preview:-1\" \/>\n<link rel=\"canonical\" href=\"https:\/\/www.koprivnicatourism.com\/en\/cjenik-najam-standova-kucica-i-palisada\/\" \/>\n<meta property=\"og:locale\" content=\"en_US\" \/>\n<meta property=\"og:type\" content=\"article\" \/>\n<meta property=\"og:title\" content=\"Cjenik: najam \u0161tandova, ku\u0107ica i palisada - Turisti\u010dka zajednica\" \/>\n<meta property=\"og:description\" content=\"[vc_row][vc_column][\/vc_column][\/vc_row][vc_row][vc_column][\/vc_column][\/vc_row] ...\" \/>\n<meta property=\"og:url\" content=\"https:\/\/www.koprivnicatourism.com\/en\/cjenik-najam-standova-kucica-i-palisada\/\" \/>\n<meta property=\"og:site_name\" content=\"Turisti\u010dka zajednica\" \/>\n<meta property=\"article:publisher\" content=\"https:\/\/www.facebook.com\/turistickazajednica.koprivnica\" \/>\n<meta property=\"article:modified_time\" content=\"2021-09-22T06:23:25+00:00\" \/>\n<meta name=\"author\" content=\"Turisti\u010dka zajednica\" \/>\n<meta name=\"twitter:card\" content=\"summary_large_image\" \/>\n<meta name=\"twitter:label1\" content=\"Est. reading time\" \/>\n\t<meta name=\"twitter:data1\" content=\"1 minute\" \/>\n<script type=\"application\/ld+json\" class=\"yoast-schema-graph\">{\"@context\":\"https:\/\/schema.org\",\"@graph\":[{\"@type\":\"Organization\",\"@id\":\"https:\/\/www.koprivnicatourism.com\/#organization\",\"name\":\"Turisti\u010dka zajednica Grada Koprivnice\",\"url\":\"https:\/\/www.koprivnicatourism.com\/\",\"sameAs\":[\"https:\/\/www.facebook.com\/turistickazajednica.koprivnica\"],\"logo\":{\"@type\":\"ImageObject\",\"inLanguage\":\"en-US\",\"@id\":\"https:\/\/www.koprivnicatourism.com\/#\/schema\/logo\/image\/\",\"url\":\"https:\/\/www.koprivnicatourism.com\/wp-content\/uploads\/2022\/06\/tz-logo-bez-pozadine.png\",\"contentUrl\":\"https:\/\/www.koprivnicatourism.com\/wp-content\/uploads\/2022\/06\/tz-logo-bez-pozadine.png\",\"width\":300,\"height\":300,\"caption\":\"Turisti\u010dka zajednica Grada Koprivnice\"},\"image\":{\"@id\":\"https:\/\/www.koprivnicatourism.com\/#\/schema\/logo\/image\/\"}},{\"@type\":\"WebSite\",\"@id\":\"https:\/\/www.koprivnicatourism.com\/#website\",\"url\":\"https:\/\/www.koprivnicatourism.com\/\",\"name\":\"Turisti\u010dka zajednica\",\"description\":\"Grada Koprivnice\",\"publisher\":{\"@id\":\"https:\/\/www.koprivnicatourism.com\/#organization\"},\"potentialAction\":[{\"@type\":\"SearchAction\",\"target\":{\"@type\":\"EntryPoint\",\"urlTemplate\":\"https:\/\/www.koprivnicatourism.com\/?s={search_term_string}\"},\"query-input\":\"required name=search_term_string\"}],\"inLanguage\":\"en-US\"},{\"@type\":\"WebPage\",\"@id\":\"https:\/\/www.koprivnicatourism.com\/en\/cjenik-najam-standova-kucica-i-palisada\/#webpage\",\"url\":\"https:\/\/www.koprivnicatourism.com\/en\/cjenik-najam-standova-kucica-i-palisada\/\",\"name\":\"Cjenik: najam \u0161tandova, ku\u0107ica i palisada - Turisti\u010dka zajednica\",\"isPartOf\":{\"@id\":\"https:\/\/www.koprivnicatourism.com\/#website\"},\"datePublished\":\"2021-03-11T11:01:39+00:00\",\"dateModified\":\"2021-09-22T06:23:25+00:00\",\"breadcrumb\":{\"@id\":\"https:\/\/www.koprivnicatourism.com\/en\/cjenik-najam-standova-kucica-i-palisada\/#breadcrumb\"},\"inLanguage\":\"en-US\",\"potentialAction\":[{\"@type\":\"ReadAction\",\"target\":[\"https:\/\/www.koprivnicatourism.com\/en\/cjenik-najam-standova-kucica-i-palisada\/\"]}]},{\"@type\":\"BreadcrumbList\",\"@id\":\"https:\/\/www.koprivnicatourism.com\/en\/cjenik-najam-standova-kucica-i-palisada\/#breadcrumb\",\"itemListElement\":[{\"@type\":\"ListItem\",\"position\":1,\"name\":\"Po\u010detna stranica\",\"item\":\"https:\/\/www.koprivnicatourism.com\/en\/pocetna\/\"},{\"@type\":\"ListItem\",\"position\":2,\"name\":\"Cjenik: najam \u0161tandova, ku\u0107ica i palisada\"}]}]}<\/script>\n<!-- \/ Yoast SEO plugin. -->","yoast_head_json":{"title":"Cjenik: najam \u0161tandova, ku\u0107ica i palisada - Turisti\u010dka zajednica","robots":{"index":"index","follow":"follow","max-snippet":"max-snippet:-1","max-image-preview":"max-image-preview:large","max-video-preview":"max-video-preview:-1"},"canonical":"https:\/\/www.koprivnicatourism.com\/en\/cjenik-najam-standova-kucica-i-palisada\/","og_locale":"en_US","og_type":"article","og_title":"Cjenik: najam \u0161tandova, ku\u0107ica i palisada - Turisti\u010dka zajednica","og_description":"[vc_row][vc_column][\/vc_column][\/vc_row][vc_row][vc_column][\/vc_column][\/vc_row] ...","og_url":"https:\/\/www.koprivnicatourism.com\/en\/cjenik-najam-standova-kucica-i-palisada\/","og_site_name":"Turisti\u010dka zajednica","article_publisher":"https:\/\/www.facebook.com\/turistickazajednica.koprivnica","article_modified_time":"2021-09-22T06:23:25+00:00","author":"Turisti\u010dka zajednica","twitter_card":"summary_large_image","twitter_misc":{"Est. reading time":"1 minute"},"schema":{"@context":"https:\/\/schema.org","@graph":[{"@type":"Organization","@id":"https:\/\/www.koprivnicatourism.com\/#organization","name":"Turisti\u010dka zajednica Grada Koprivnice","url":"https:\/\/www.koprivnicatourism.com\/","sameAs":["https:\/\/www.facebook.com\/turistickazajednica.koprivnica"],"logo":{"@type":"ImageObject","inLanguage":"en-US","@id":"https:\/\/www.koprivnicatourism.com\/#\/schema\/logo\/image\/","url":"https:\/\/www.koprivnicatourism.com\/wp-content\/uploads\/2022\/06\/tz-logo-bez-pozadine.png","contentUrl":"https:\/\/www.koprivnicatourism.com\/wp-content\/uploads\/2022\/06\/tz-logo-bez-pozadine.png","width":300,"height":300,"caption":"Turisti\u010dka zajednica Grada Koprivnice"},"image":{"@id":"https:\/\/www.koprivnicatourism.com\/#\/schema\/logo\/image\/"}},{"@type":"WebSite","@id":"https:\/\/www.koprivnicatourism.com\/#website","url":"https:\/\/www.koprivnicatourism.com\/","name":"Turisti\u010dka zajednica","description":"Grada Koprivnice","publisher":{"@id":"https:\/\/www.koprivnicatourism.com\/#organization"},"potentialAction":[{"@type":"SearchAction","target":{"@type":"EntryPoint","urlTemplate":"https:\/\/www.koprivnicatourism.com\/?s={search_term_string}"},"query-input":"required name=search_term_string"}],"inLanguage":"en-US"},{"@type":"WebPage","@id":"https:\/\/www.koprivnicatourism.com\/en\/cjenik-najam-standova-kucica-i-palisada\/#webpage","url":"https:\/\/www.koprivnicatourism.com\/en\/cjenik-najam-standova-kucica-i-palisada\/","name":"Cjenik: najam \u0161tandova, ku\u0107ica i palisada - Turisti\u010dka zajednica","isPartOf":{"@id":"https:\/\/www.koprivnicatourism.com\/#website"},"datePublished":"2021-03-11T11:01:39+00:00","dateModified":"2021-09-22T06:23:25+00:00","breadcrumb":{"@id":"https:\/\/www.koprivnicatourism.com\/en\/cjenik-najam-standova-kucica-i-palisada\/#breadcrumb"},"inLanguage":"en-US","potentialAction":[{"@type":"ReadAction","target":["https:\/\/www.koprivnicatourism.com\/en\/cjenik-najam-standova-kucica-i-palisada\/"]}]},{"@type":"BreadcrumbList","@id":"https:\/\/www.koprivnicatourism.com\/en\/cjenik-najam-standova-kucica-i-palisada\/#breadcrumb","itemListElement":[{"@type":"ListItem","position":1,"name":"Po\u010detna stranica","item":"https:\/\/www.koprivnicatourism.com\/en\/pocetna\/"},{"@type":"ListItem","position":2,"name":"Cjenik: najam \u0161tandova, ku\u0107ica i palisada"}]}]}},"_links":{"self":[{"href":"https:\/\/www.koprivnicatourism.com\/en\/wp-json\/wp\/v2\/pages\/6135"}],"collection":[{"href":"https:\/\/www.koprivnicatourism.com\/en\/wp-json\/wp\/v2\/pages"}],"about":[{"href":"https:\/\/www.koprivnicatourism.com\/en\/wp-json\/wp\/v2\/types\/page"}],"author":[{"embeddable":true,"href":"https:\/\/www.koprivnicatourism.com\/en\/wp-json\/wp\/v2\/users\/1"}],"replies":[{"embeddable":true,"href":"https:\/\/www.koprivnicatourism.com\/en\/wp-json\/wp\/v2\/comments?post=6135"}],"version-history":[{"count":1,"href":"https:\/\/www.koprivnicatourism.com\/en\/wp-json\/wp\/v2\/pages\/6135\/revisions"}],"predecessor-version":[{"id":6140,"href":"https:\/\/www.koprivnicatourism.com\/en\/wp-json\/wp\/v2\/pages\/6135\/revisions\/6140"}],"wp:attachment":[{"href":"https:\/\/www.koprivnicatourism.com\/en\/wp-json\/wp\/v2\/media?parent=6135"}],"curies":[{"name":"wp","href":"https:\/\/api.w.org\/{rel}","templated":true}]}}